{"id":7519,"date":"2025-11-18T10:52:06","date_gmt":"2025-11-18T13:52:06","guid":{"rendered":"http:\/\/supportronics.com\/staging\/?page_id=7519"},"modified":"2026-01-12T12:06:12","modified_gmt":"2026-01-12T15:06:12","slug":"business_development","status":"publish","type":"page","link":"http:\/\/supportronics.com\/staging\/business_development\/","title":{"rendered":"Business Development"},"content":{"rendered":"\t\t<div data-elementor-type=\"wp-page\" data-elementor-id=\"7519\" class=\"elementor elementor-7519\" data-elementor-post-type=\"page\">\n\t\t\t\t<div class=\"elementor-element elementor-element-7268ea64 e-con-full e-flex e-con e-parent\" data-id=\"7268ea64\" data-element_type=\"container\" data-settings=\"{&quot;background_background&quot;:&quot;classic&quot;}\">\n\t\t<div class=\"elementor-element elementor-element-b786990 e-con-full e-flex e-con e-child\" data-id=\"b786990\" data-element_type=\"container\" data-settings=\"{&quot;background_background&quot;:&quot;classic&quot;}\">\n\t\t\t\t<div class=\"elementor-element elementor-element-1057696c elementor-invisible elementor-widget elementor-widget-heading\" data-id=\"1057696c\" data-element_type=\"widget\" data-settings=\"{&quot;_animation&quot;:&quot;fadeIn&quot;,&quot;_animation_delay&quot;:600}\" data-widget_type=\"heading.default\">\n\t\t\t\t<div class=\"elementor-widget-container\">\n\t\t\t\t\t<h1 class=\"elementor-heading-title elementor-size-default\">Business<br>Development<\/h1>\t\t\t\t<\/div>\n\t\t\t\t<\/div>\n\t\t\t\t<div class=\"elementor-element elementor-element-5d010b44 elementor-widget__width-initial elementor-widget elementor-widget-text-editor\" data-id=\"5d010b44\" data-element_type=\"widget\" data-widget_type=\"text-editor.default\">\n\t\t\t\t<div class=\"elementor-widget-container\">\n\t\t\t\t\t\t\t\t\t<p>Soluciones integrales en <br \/>Electr\u00f3nica, Mecatr\u00f3nica y<br \/>Software para <br \/>Maquinaria M\u00f3vil.<\/p>\t\t\t\t\t\t\t\t<\/div>\n\t\t\t\t<\/div>\n\t\t\t\t<\/div>\n\t\t\t\t<\/div>\n\t\t<div class=\"elementor-element elementor-element-8b0a81d e-flex e-con-boxed e-con e-parent\" data-id=\"8b0a81d\" data-element_type=\"container\" data-settings=\"{&quot;background_background&quot;:&quot;classic&quot;}\">\n\t\t\t\t\t<div class=\"e-con-inner\">\n\t\t<div class=\"elementor-element elementor-element-cbbf28b e-con-full e-flex e-con e-child\" data-id=\"cbbf28b\" data-element_type=\"container\">\n\t\t\t\t<div class=\"elementor-element elementor-element-49be3cf elementor-widget elementor-widget-text-editor\" data-id=\"49be3cf\" data-element_type=\"widget\" data-widget_type=\"text-editor.default\">\n\t\t\t\t<div class=\"elementor-widget-container\">\n\t\t\t\t\t\t\t\t\t<h3 style=\"text-align: center;\">Market with Increasing Relevance<\/h3><p>\u00a0<\/p><p style=\"text-align: center;\">MERCOSUR offers a compelling opportunity for global businesses, combining strategic scale with growth potential:<\/p><ul><li>Compelling opportunity for <strong>global footprint &amp; market expansion!<\/strong><\/li><li>Population of <strong>almost 300 million<\/strong> across member states: Argentina, Brazil, Paraguay and Uruguay<\/li><li>Total area GDP of about <strong>USD 3+ trillion today<\/strong><\/li><li>Total area GDP of <strong>USD 5 trillion by 2030<\/strong><\/li><li>Area is set to become the <strong>world\u2019s 5th \u2013 6th largest economy<\/strong><\/li><li>Strategic alignment with <strong>EU<\/strong> and <strong>North America<\/strong><\/li><li>Rich in natural resources<\/li><li>Low labor cost<\/li><li>Excellent professional talent<\/li><li>No major geopolitical conflicts<\/li><\/ul><p style=\"text-align: center;\">In summary: a large consumer market, substantial resource bases, and a strong platform for scaling operations across South America (including a <strong>direct projection into North America<\/strong>) for companies looking to <strong>expand their global footprint<\/strong>.<\/p>\t\t\t\t\t\t\t\t<\/div>\n\t\t\t\t<\/div>\n\t\t\t\t<\/div>\n\t\t<div class=\"elementor-element elementor-element-bbe8fee e-con-full e-flex e-con e-child\" data-id=\"bbe8fee\" data-element_type=\"container\">\n\t\t\t\t<div class=\"elementor-element elementor-element-4f11f57 elementor-widget elementor-widget-image\" data-id=\"4f11f57\" data-element_type=\"widget\" data-widget_type=\"image.default\">\n\t\t\t\t<div class=\"elementor-widget-container\">\n\t\t\t\t\t\t\t\t\t\t\t\t\t\t\t<img fetchpriority=\"high\" decoding=\"async\" width=\"960\" height=\"739\" src=\"http:\/\/supportronics.com\/staging\/wp-content\/uploads\/2025\/12\/Flag_of_Mercosur.svg-1.png\" class=\"attachment-large size-large wp-image-7595\" alt=\"\" srcset=\"http:\/\/supportronics.com\/staging\/wp-content\/uploads\/2025\/12\/Flag_of_Mercosur.svg-1.png 960w, http:\/\/supportronics.com\/staging\/wp-content\/uploads\/2025\/12\/Flag_of_Mercosur.svg-1-300x231.png 300w, http:\/\/supportronics.com\/staging\/wp-content\/uploads\/2025\/12\/Flag_of_Mercosur.svg-1-768x591.png 768w, http:\/\/supportronics.com\/staging\/wp-content\/uploads\/2025\/12\/Flag_of_Mercosur.svg-1-600x462.png 600w\" sizes=\"(max-width: 960px) 100vw, 960px\" \/>\t\t\t\t\t\t\t\t\t\t\t\t\t\t\t<\/div>\n\t\t\t\t<\/div>\n\t\t\t\t<\/div>\n\t\t\t\t\t<\/div>\n\t\t\t\t<\/div>\n\t\t<div class=\"elementor-element elementor-element-b14eb9b e-flex e-con-boxed e-con e-parent\" data-id=\"b14eb9b\" data-element_type=\"container\" data-settings=\"{&quot;background_background&quot;:&quot;classic&quot;}\">\n\t\t\t\t\t<div class=\"e-con-inner\">\n\t\t<div class=\"elementor-element elementor-element-91b87a3 e-con-full e-flex e-con e-child\" data-id=\"91b87a3\" data-element_type=\"container\">\n\t\t\t\t<div class=\"elementor-element elementor-element-e36a337 elementor-widget elementor-widget-image\" data-id=\"e36a337\" data-element_type=\"widget\" data-widget_type=\"image.default\">\n\t\t\t\t<div class=\"elementor-widget-container\">\n\t\t\t\t\t\t\t\t\t\t\t\t\t\t\t<img decoding=\"async\" width=\"284\" height=\"494\" src=\"http:\/\/supportronics.com\/staging\/wp-content\/uploads\/2025\/12\/Mapa-Sudamerica-con-ubicaciones-celeste-y-azul.png\" class=\"attachment-large size-large wp-image-7596\" alt=\"\" srcset=\"http:\/\/supportronics.com\/staging\/wp-content\/uploads\/2025\/12\/Mapa-Sudamerica-con-ubicaciones-celeste-y-azul.png 284w, http:\/\/supportronics.com\/staging\/wp-content\/uploads\/2025\/12\/Mapa-Sudamerica-con-ubicaciones-celeste-y-azul-172x300.png 172w\" sizes=\"(max-width: 284px) 100vw, 284px\" \/>\t\t\t\t\t\t\t\t\t\t\t\t\t\t\t<\/div>\n\t\t\t\t<\/div>\n\t\t\t\t<\/div>\n\t\t<div class=\"elementor-element elementor-element-21aaf5b e-con-full e-flex e-con e-child\" data-id=\"21aaf5b\" data-element_type=\"container\">\n\t\t\t\t<div class=\"elementor-element elementor-element-6f08289 elementor-widget elementor-widget-text-editor\" data-id=\"6f08289\" data-element_type=\"widget\" data-widget_type=\"text-editor.default\">\n\t\t\t\t<div class=\"elementor-widget-container\">\n\t\t\t\t\t\t\t\t\t<h3 style=\"text-align: center;\">Our footprint in the MERCOSUR<\/h3><p>\u00a0<\/p><p style=\"text-align: center;\">With <strong>marketing &amp; engineering offices<\/strong> in<strong> Brazil and Argentina,<\/strong>we are <strong>the South American business development, marketing, sales, engineering, and integration ally<\/strong> of technology leaders from Europe and North America.<\/p><p style=\"text-align: center;\">We are your strategic ally in MERCOSUR, <strong>driving your international growth <\/strong>through <strong>advanced business development, seamless operations, and turnkey subsidiary setup<\/strong>. We help you succeed in <strong>B2B markets<\/strong> with complex technologies that require engineering expertise, system integration, and technical pre\/post-sales support <strong>in the mobile machinery sector<\/strong>.<\/p>\t\t\t\t\t\t\t\t<\/div>\n\t\t\t\t<\/div>\n\t\t\t\t<\/div>\n\t\t\t\t\t<\/div>\n\t\t\t\t<\/div>\n\t\t<div class=\"elementor-element elementor-element-a77efb6 e-flex e-con-boxed e-con e-parent\" data-id=\"a77efb6\" data-element_type=\"container\" data-settings=\"{&quot;background_background&quot;:&quot;classic&quot;}\">\n\t\t\t\t\t<div class=\"e-con-inner\">\n\t\t<div class=\"elementor-element elementor-element-6d8ec8e e-con-full e-flex e-con e-child\" data-id=\"6d8ec8e\" data-element_type=\"container\">\n\t\t\t\t<div class=\"elementor-element elementor-element-3c2ce3b elementor-widget elementor-widget-text-editor\" data-id=\"3c2ce3b\" data-element_type=\"widget\" data-widget_type=\"text-editor.default\">\n\t\t\t\t<div class=\"elementor-widget-container\">\n\t\t\t\t\t\t\t\t\t<h3 style=\"text-align: center;\">Part of Intrust Associates Network<\/h3><p>\u00a0<\/p><p style=\"text-align: center;\">As part of the <strong>InTrust Associate network<\/strong>, we offer strategic, tactical and operational support for companies entering new markets. The <strong>modular service model<\/strong> adapts to each stage of internationalization, allowing clients to activate only what they need, when they need it.<\/p>\t\t\t\t\t\t\t\t<\/div>\n\t\t\t\t<\/div>\n\t\t\t\t<\/div>\n\t\t<div class=\"elementor-element elementor-element-3656b31 e-con-full e-flex e-con e-child\" data-id=\"3656b31\" data-element_type=\"container\" data-settings=\"{&quot;background_background&quot;:&quot;classic&quot;}\">\n\t\t\t\t<div class=\"elementor-element elementor-element-6417106 elementor-widget elementor-widget-image\" data-id=\"6417106\" data-element_type=\"widget\" data-widget_type=\"image.default\">\n\t\t\t\t<div class=\"elementor-widget-container\">\n\t\t\t\t\t\t\t\t\t\t\t\t\t\t\t<img decoding=\"async\" width=\"1024\" height=\"179\" src=\"http:\/\/supportronics.com\/staging\/wp-content\/uploads\/2025\/12\/cXiMnqvLJ5LCWN0zQRN0QGCNn8-1024x179.avif\" class=\"attachment-large size-large wp-image-7598\" alt=\"\" srcset=\"http:\/\/supportronics.com\/staging\/wp-content\/uploads\/2025\/12\/cXiMnqvLJ5LCWN0zQRN0QGCNn8-1024x179.avif 1024w, http:\/\/supportronics.com\/staging\/wp-content\/uploads\/2025\/12\/cXiMnqvLJ5LCWN0zQRN0QGCNn8-300x52.avif 300w, http:\/\/supportronics.com\/staging\/wp-content\/uploads\/2025\/12\/cXiMnqvLJ5LCWN0zQRN0QGCNn8-768x134.avif 768w, http:\/\/supportronics.com\/staging\/wp-content\/uploads\/2025\/12\/cXiMnqvLJ5LCWN0zQRN0QGCNn8-1536x268.avif 1536w, http:\/\/supportronics.com\/staging\/wp-content\/uploads\/2025\/12\/cXiMnqvLJ5LCWN0zQRN0QGCNn8-2048x357.avif 2048w, http:\/\/supportronics.com\/staging\/wp-content\/uploads\/2025\/12\/cXiMnqvLJ5LCWN0zQRN0QGCNn8-600x105.avif 600w\" sizes=\"(max-width: 1024px) 100vw, 1024px\" \/>\t\t\t\t\t\t\t\t\t\t\t\t\t\t\t<\/div>\n\t\t\t\t<\/div>\n\t\t\t\t<\/div>\n\t\t\t\t\t<\/div>\n\t\t\t\t<\/div>\n\t\t<div class=\"elementor-element elementor-element-7279bf3d e-flex e-con-boxed e-con e-parent\" data-id=\"7279bf3d\" data-element_type=\"container\" data-settings=\"{&quot;background_background&quot;:&quot;classic&quot;}\">\n\t\t\t\t\t<div class=\"e-con-inner\">\n\t\t<div class=\"elementor-element elementor-element-43b31bea e-con-full e-flex e-con e-child\" data-id=\"43b31bea\" data-element_type=\"container\">\n\t\t\t\t<div class=\"elementor-element elementor-element-72d5620c elementor-widget__width-initial elementor-widget elementor-widget-image-carousel\" data-id=\"72d5620c\" data-element_type=\"widget\" data-settings=\"{&quot;slides_to_show&quot;:&quot;3&quot;,&quot;slides_to_scroll&quot;:&quot;1&quot;,&quot;navigation&quot;:&quot;none&quot;,&quot;image_spacing_custom&quot;:{&quot;unit&quot;:&quot;px&quot;,&quot;size&quot;:40,&quot;sizes&quot;:[]},&quot;slides_to_show_mobile&quot;:&quot;3&quot;,&quot;slides_to_scroll_mobile&quot;:&quot;1&quot;,&quot;speed&quot;:3000,&quot;autoplay_speed&quot;:0,&quot;autoplay&quot;:&quot;yes&quot;,&quot;infinite&quot;:&quot;yes&quot;,&quot;image_spacing_custom_tablet&quot;:{&quot;unit&quot;:&quot;px&quot;,&quot;size&quot;:&quot;&quot;,&quot;sizes&quot;:[]},&quot;image_spacing_custom_mobile&quot;:{&quot;unit&quot;:&quot;px&quot;,&quot;size&quot;:&quot;&quot;,&quot;sizes&quot;:[]}}\" data-widget_type=\"image-carousel.default\">\n\t\t\t\t<div class=\"elementor-widget-container\">\n\t\t\t\t\t\t\t<div class=\"elementor-image-carousel-wrapper swiper\" role=\"region\" aria-roledescription=\"carousel\" aria-label=\"Carrusel de im\u00e1genes\" dir=\"ltr\">\n\t\t\t<div class=\"elementor-image-carousel swiper-wrapper\" aria-live=\"off\">\n\t\t\t\t\t\t\t\t<div class=\"swiper-slide\" role=\"group\" aria-roledescription=\"slide\" aria-label=\"1 de 4\"><figure class=\"swiper-slide-inner\"><img decoding=\"async\" class=\"swiper-slide-image\" src=\"http:\/\/supportronics.com\/staging\/wp-content\/uploads\/2024\/12\/Home-SUPPORTRONICS-18.png\" alt=\"Home - SUPPORTRONICS-18\" \/><\/figure><\/div><div class=\"swiper-slide\" role=\"group\" aria-roledescription=\"slide\" aria-label=\"2 de 4\"><figure class=\"swiper-slide-inner\"><img decoding=\"async\" class=\"swiper-slide-image\" src=\"http:\/\/supportronics.com\/staging\/wp-content\/uploads\/2024\/12\/Home-SUPPORTRONICS-17.png\" alt=\"Home - SUPPORTRONICS-17\" \/><\/figure><\/div><div class=\"swiper-slide\" role=\"group\" aria-roledescription=\"slide\" aria-label=\"3 de 4\"><figure class=\"swiper-slide-inner\"><img decoding=\"async\" class=\"swiper-slide-image\" src=\"http:\/\/supportronics.com\/staging\/wp-content\/uploads\/2024\/12\/Home-SUPPORTRONICS-16-e1734536634249.png\" alt=\"Home - SUPPORTRONICS-16\" \/><\/figure><\/div><div class=\"swiper-slide\" role=\"group\" aria-roledescription=\"slide\" aria-label=\"4 de 4\"><figure class=\"swiper-slide-inner\"><img decoding=\"async\" class=\"swiper-slide-image\" src=\"http:\/\/supportronics.com\/staging\/wp-content\/uploads\/2024\/12\/Home-SUPPORTRONICS-19.png\" alt=\"Home - SUPPORTRONICS-19\" \/><\/figure><\/div>\t\t\t<\/div>\n\t\t\t\t\t\t\t\n\t\t\t\t\t\t\t\t\t<\/div>\n\t\t\t\t\t\t<\/div>\n\t\t\t\t<\/div>\n\t\t\t\t<div class=\"elementor-element elementor-element-6f69b3b8 elementor-widget__width-initial elementor-widget elementor-widget-image-carousel\" data-id=\"6f69b3b8\" data-element_type=\"widget\" data-settings=\"{&quot;slides_to_show&quot;:&quot;3&quot;,&quot;slides_to_scroll&quot;:&quot;1&quot;,&quot;navigation&quot;:&quot;none&quot;,&quot;image_spacing_custom&quot;:{&quot;unit&quot;:&quot;px&quot;,&quot;size&quot;:40,&quot;sizes&quot;:[]},&quot;slides_to_show_mobile&quot;:&quot;3&quot;,&quot;slides_to_scroll_mobile&quot;:&quot;1&quot;,&quot;speed&quot;:3000,&quot;autoplay_speed&quot;:0,&quot;autoplay&quot;:&quot;yes&quot;,&quot;pause_on_hover&quot;:&quot;yes&quot;,&quot;infinite&quot;:&quot;yes&quot;,&quot;image_spacing_custom_tablet&quot;:{&quot;unit&quot;:&quot;px&quot;,&quot;size&quot;:&quot;&quot;,&quot;sizes&quot;:[]},&quot;image_spacing_custom_mobile&quot;:{&quot;unit&quot;:&quot;px&quot;,&quot;size&quot;:&quot;&quot;,&quot;sizes&quot;:[]}}\" data-widget_type=\"image-carousel.default\">\n\t\t\t\t<div class=\"elementor-widget-container\">\n\t\t\t\t\t\t\t<div class=\"elementor-image-carousel-wrapper swiper\" role=\"region\" aria-roledescription=\"carousel\" aria-label=\"Carrusel de im\u00e1genes\" dir=\"rtl\">\n\t\t\t<div class=\"elementor-image-carousel swiper-wrapper\" aria-live=\"off\">\n\t\t\t\t\t\t\t\t<div class=\"swiper-slide\" role=\"group\" aria-roledescription=\"slide\" aria-label=\"1 de 4\"><figure class=\"swiper-slide-inner\"><img decoding=\"async\" class=\"swiper-slide-image\" src=\"http:\/\/supportronics.com\/staging\/wp-content\/uploads\/2024\/12\/Home-SUPPORTRONICS-20.png\" alt=\"Home - SUPPORTRONICS-20\" \/><\/figure><\/div><div class=\"swiper-slide\" role=\"group\" aria-roledescription=\"slide\" aria-label=\"2 de 4\"><figure class=\"swiper-slide-inner\"><img decoding=\"async\" class=\"swiper-slide-image\" src=\"http:\/\/supportronics.com\/staging\/wp-content\/uploads\/2024\/12\/Home-SUPPORTRONICS-21.png\" alt=\"Home - SUPPORTRONICS-21\" \/><\/figure><\/div><div class=\"swiper-slide\" role=\"group\" aria-roledescription=\"slide\" aria-label=\"3 de 4\"><figure class=\"swiper-slide-inner\"><img decoding=\"async\" class=\"swiper-slide-image\" src=\"http:\/\/supportronics.com\/staging\/wp-content\/uploads\/2024\/12\/Home-SUPPORTRONICS-22.png\" alt=\"Home - SUPPORTRONICS-22\" \/><\/figure><\/div><div class=\"swiper-slide\" role=\"group\" aria-roledescription=\"slide\" aria-label=\"4 de 4\"><figure class=\"swiper-slide-inner\"><img decoding=\"async\" class=\"swiper-slide-image\" src=\"http:\/\/supportronics.com\/staging\/wp-content\/uploads\/2024\/12\/Home-SUPPORTRONICS-23.png\" alt=\"Home - SUPPORTRONICS-23\" \/><\/figure><\/div>\t\t\t<\/div>\n\t\t\t\t\t\t\t\n\t\t\t\t\t\t\t\t\t<\/div>\n\t\t\t\t\t\t<\/div>\n\t\t\t\t<\/div>\n\t\t\t\t<\/div>\n\t\t<div class=\"elementor-element elementor-element-591ae4b3 e-con-full e-flex e-con e-child\" data-id=\"591ae4b3\" data-element_type=\"container\">\n\t\t\t\t<div class=\"elementor-element elementor-element-6f13d223 elementor-widget elementor-widget-text-editor\" data-id=\"6f13d223\" data-element_type=\"widget\" data-widget_type=\"text-editor.default\">\n\t\t\t\t<div class=\"elementor-widget-container\">\n\t\t\t\t\t\t\t\t\t<h3 style=\"text-align: center;\">Strategic Partner&#8217;s Technology<\/h3><p>\u00a0<\/p><p style=\"text-align: center;\">Colaboraci\u00f3n con <strong>Socios Estrat\u00e9gicos<\/strong><\/p><p style=\"text-align: center;\"><strong>L\u00edderes globales<\/strong> en tecnolog\u00eda para maquinar\u00eda m\u00f3vil y transporte<\/p>\t\t\t\t\t\t\t\t<\/div>\n\t\t\t\t<\/div>\n\t\t\t\t<\/div>\n\t\t\t\t\t<\/div>\n\t\t\t\t<\/div>\n\t\t<div class=\"elementor-element elementor-element-9300eb9 e-con-full e-flex e-con e-parent\" data-id=\"9300eb9\" data-element_type=\"container\" id=\"contact-form\" data-settings=\"{&quot;background_background&quot;:&quot;classic&quot;}\">\n\t\t<div class=\"elementor-element elementor-element-c689f97 e-con-full e-flex e-con e-child\" data-id=\"c689f97\" data-element_type=\"container\">\n\t\t\t\t<div class=\"elementor-element elementor-element-200b43e7 elementor-invisible elementor-widget elementor-widget-heading\" data-id=\"200b43e7\" data-element_type=\"widget\" data-settings=\"{&quot;_animation&quot;:&quot;fadeIn&quot;,&quot;_animation_delay&quot;:600}\" data-widget_type=\"heading.default\">\n\t\t\t\t<div class=\"elementor-widget-container\">\n\t\t\t\t\t<h1 class=\"elementor-heading-title elementor-size-default\">Cont\u00e1ctanos<\/h1>\t\t\t\t<\/div>\n\t\t\t\t<\/div>\n\t\t\t\t<div class=\"elementor-element elementor-element-48a64364 elementor-widget elementor-widget-text-editor\" data-id=\"48a64364\" data-element_type=\"widget\" data-widget_type=\"text-editor.default\">\n\t\t\t\t<div class=\"elementor-widget-container\">\n\t\t\t\t\t\t\t\t\t<p>Ponte en contacto con nosotros mediante el siguiente formulario, por WhatsApp o por medio de nuestras redes sociales.<\/p>\t\t\t\t\t\t\t\t<\/div>\n\t\t\t\t<\/div>\n\t\t\t\t<\/div>\n\t\t<div class=\"elementor-element elementor-element-301bbbc8 e-con-full e-flex e-con e-child\" data-id=\"301bbbc8\" data-element_type=\"container\">\n\t\t\t\t<div class=\"elementor-element elementor-element-1fb16484 elementor-widget elementor-widget-shortcode\" data-id=\"1fb16484\" data-element_type=\"widget\" data-widget_type=\"shortcode.default\">\n\t\t\t\t<div class=\"elementor-widget-container\">\n\t\t\t\t\t\t\t<div class=\"elementor-shortcode\"><div class=\"forminator-ui forminator-custom-form forminator-custom-form-5669 forminator-design--flat forminator-enclosed forminator_ajax\" data-forminator-render=\"0\" data-form=\"forminator-module-5669\" data-uid=\"69ded9c3d0e43\"><br\/><\/div><form\r\n\t\t\t\tid=\"forminator-module-5669\"\r\n\t\t\t\tclass=\"forminator-ui forminator-custom-form forminator-custom-form-5669 forminator-design--flat forminator-enclosed forminator_ajax\"\r\n\t\t\t\tmethod=\"post\"\r\n\t\t\t\tdata-forminator-render=\"0\"\r\n\t\t\t\tdata-form-id=\"5669\"\r\n\t\t\t\t\r\n\t\t\t\tdata-design=\"flat\"\r\n\t\t\t\t\r\n\t\t\t\t\r\n\t\t\t\t\r\n\t\t\t\tdata-grid=\"enclosed\"\r\n\t\t\t\t\r\n\t\t\t\t\r\n\t\t\t\tstyle=\"display: none;\"\r\n\t\t\t\t\r\n\t\t\t\tdata-uid=\"69ded9c3d0e43\"\r\n\t\t\t><div role=\"alert\" aria-live=\"polite\" class=\"forminator-response-message forminator-error\" aria-hidden=\"true\"><\/div><div class=\"forminator-row\"><div id=\"name-1\" class=\"forminator-field-name forminator-col forminator-col-4 \"><div class=\"forminator-field\"><input type=\"text\" name=\"name-1\" value=\"\" placeholder=\"Nombre\" id=\"forminator-field-name-1_69ded9c3d0e43\" class=\"forminator-input forminator-name--field\" aria-required=\"true\" \/><\/div><\/div><div id=\"name-2\" class=\"forminator-field-name forminator-col forminator-col-4 \"><div class=\"forminator-field\"><input type=\"text\" name=\"name-2\" value=\"\" placeholder=\"Apellido\" id=\"forminator-field-name-2_69ded9c3d0e43\" class=\"forminator-input forminator-name--field\" aria-required=\"true\" \/><\/div><\/div><div id=\"email-1\" class=\"forminator-field-email forminator-col forminator-col-4 \"><div class=\"forminator-field\"><input type=\"email\" name=\"email-1\" value=\"\" placeholder=\"Email\" id=\"forminator-field-email-1_69ded9c3d0e43\" class=\"forminator-input forminator-email--field\" data-required=\"true\" aria-required=\"true\" \/><\/div><\/div><\/div><div class=\"forminator-row\"><div id=\"phone-1\" class=\"forminator-field-phone forminator-col forminator-col-12 \"><div class=\"forminator-field\"><input type=\"text\" name=\"phone-1\" value=\"\" placeholder=\"Tel\u00e9fono\" id=\"forminator-field-phone-1_69ded9c3d0e43\" class=\"forminator-input forminator-field--phone\" data-required=\"\" aria-required=\"false\" autocomplete=\"off\" \/><\/div><\/div><\/div><div class=\"forminator-row\"><div id=\"textarea-1\" class=\"forminator-field-textarea forminator-col forminator-col-12 \"><div class=\"forminator-field\"><textarea name=\"textarea-1\" placeholder=\"Mensaje\" id=\"forminator-field-textarea-1_69ded9c3d0e43\" class=\"forminator-textarea\" rows=\"6\" style=\"min-height:100px;\" ><\/textarea><\/div><\/div><\/div><div class=\"forminator-row\"><div id=\"captcha-1\" class=\"forminator-field-captcha forminator-col forminator-col-12 \"><div class=\"forminator-captcha-left forminator-g-recaptcha recaptcha-invisible\" data-theme=\"light\" data-badge=\"inline\" data-sitekey=\"6LdPXjsrAAAAAO_o5KJn3o8TVjzqcR3gNAKjBp5W\" data-size=\"invisible\"><\/div> <\/div><\/div><input type=\"hidden\" name=\"referer_url\" value=\"\" \/><div class=\"forminator-row forminator-row-last\"><div class=\"forminator-col\"><div class=\"forminator-field\"><button class=\"forminator-button forminator-button-submit\">Enviar<\/button><\/div><\/div><\/div><input type=\"hidden\" id=\"forminator_nonce\" name=\"forminator_nonce\" value=\"78c538302b\" \/><input type=\"hidden\" name=\"_wp_http_referer\" value=\"\/staging\/wp-json\/wp\/v2\/pages\/7519\" \/><input type=\"hidden\" name=\"form_id\" value=\"5669\"><input type=\"hidden\" name=\"page_id\" value=\"7519\"><input type=\"hidden\" name=\"form_type\" value=\"default\"><input type=\"hidden\" name=\"current_url\" value=\"http:\/\/supportronics.com\/staging\/business_development\/\"><input type=\"hidden\" name=\"render_id\" value=\"0\"><input type=\"hidden\" name=\"action\" value=\"forminator_submit_form_custom-forms\"><\/form><\/div>\n\t\t\t\t\t\t<\/div>\n\t\t\t\t<\/div>\n\t\t\t\t<\/div>\n\t\t\t\t<\/div>\n\t\t\t\t<\/div>\n\t\t","protected":false},"excerpt":{"rendered":"<p>BusinessDevelopment Soluciones integrales en Electr\u00f3nica, Mecatr\u00f3nica ySoftware para Maquinaria M\u00f3vil. Market with Increasing Relevance \u00a0 MERCOSUR offers a compelling opportunity for global businesses, combining strategic scale with growth potential: Compelling opportunity for global footprint &amp; market expansion! Population of almost 300 million across member states: Argentina, Brazil, Paraguay and Uruguay Total area GDP of about [&hellip;]<\/p>\n","protected":false},"author":1,"featured_media":0,"parent":0,"menu_order":0,"comment_status":"closed","ping_status":"closed","template":"elementor_header_footer","meta":{"site-sidebar-layout":"no-sidebar","site-content-layout":"page-builder","ast-site-content-layout":"full-width-container","site-content-style":"default","site-sidebar-style":"default","ast-global-header-display":"","ast-banner-title-visibility":"","ast-main-header-display":"","ast-hfb-above-header-display":"","ast-hfb-below-header-display":"","ast-hfb-mobile-header-display":"","site-post-title":"disabled","ast-breadcrumbs-content":"","ast-featured-img":"disabled","footer-sml-layout":"","theme-transparent-header-meta":"","adv-header-id-meta":"","stick-header-meta":"","header-above-stick-meta":"","header-main-stick-meta":"","header-below-stick-meta":"","astra-migrate-meta-layouts":"set","ast-page-background-enabled":"default","ast-page-background-meta":{"desktop":{"background-color":"","background-image":"","background-repeat":"repeat","background-position":"center center","background-size":"auto","background-attachment":"scroll","background-type":"","background-media":"","overlay-type":"","overlay-color":"","overlay-opacity":"","overlay-gradient":""},"tablet":{"background-color":"","background-image":"","background-repeat":"repeat","background-position":"center center","background-size":"auto","background-attachment":"scroll","background-type":"","background-media":"","overlay-type":"","overlay-color":"","overlay-opacity":"","overlay-gradient":""},"mobile":{"background-color":"","background-image":"","background-repeat":"repeat","background-position":"center center","background-size":"auto","background-attachment":"scroll","background-type":"","background-media":"","overlay-type":"","overlay-color":"","overlay-opacity":"","overlay-gradient":""}},"ast-content-background-meta":{"desktop":{"background-color":"var(--ast-global-color-5)","background-image":"","background-repeat":"repeat","background-position":"center center","background-size":"auto","background-attachment":"scroll","background-type":"","background-media":"","overlay-type":"","overlay-color":"","overlay-opacity":"","overlay-gradient":""},"tablet":{"background-color":"var(--ast-global-color-5)","background-image":"","background-repeat":"repeat","background-position":"center center","background-size":"auto","background-attachment":"scroll","background-type":"","background-media":"","overlay-type":"","overlay-color":"","overlay-opacity":"","overlay-gradient":""},"mobile":{"background-color":"var(--ast-global-color-5)","background-image":"","background-repeat":"repeat","background-position":"center center","background-size":"auto","background-attachment":"scroll","background-type":"","background-media":"","overlay-type":"","overlay-color":"","overlay-opacity":"","overlay-gradient":""}},"_joinchat":[],"footnotes":""},"class_list":["post-7519","page","type-page","status-publish","hentry"],"_links":{"self":[{"href":"http:\/\/supportronics.com\/staging\/wp-json\/wp\/v2\/pages\/7519","targetHints":{"allow":["GET"]}}],"collection":[{"href":"http:\/\/supportronics.com\/staging\/wp-json\/wp\/v2\/pages"}],"about":[{"href":"http:\/\/supportronics.com\/staging\/wp-json\/wp\/v2\/types\/page"}],"author":[{"embeddable":true,"href":"http:\/\/supportronics.com\/staging\/wp-json\/wp\/v2\/users\/1"}],"replies":[{"embeddable":true,"href":"http:\/\/supportronics.com\/staging\/wp-json\/wp\/v2\/comments?post=7519"}],"version-history":[{"count":128,"href":"http:\/\/supportronics.com\/staging\/wp-json\/wp\/v2\/pages\/7519\/revisions"}],"predecessor-version":[{"id":7816,"href":"http:\/\/supportronics.com\/staging\/wp-json\/wp\/v2\/pages\/7519\/revisions\/7816"}],"wp:attachment":[{"href":"http:\/\/supportronics.com\/staging\/wp-json\/wp\/v2\/media?parent=7519"}],"curies":[{"name":"wp","href":"https:\/\/api.w.org\/{rel}","templated":true}]}}