{"id":5334,"date":"2025-04-22T23:33:24","date_gmt":"2025-04-22T23:33:24","guid":{"rendered":"http:\/\/supportronics.com\/staging\/?post_type=product&#038;p=5334"},"modified":"2025-05-14T08:53:44","modified_gmt":"2025-05-14T11:53:44","slug":"esx-4cs-gw","status":"publish","type":"product","link":"http:\/\/supportronics.com\/staging\/producto\/esx-4cs-gw\/","title":{"rendered":"ESX.4cs-gw"},"content":{"rendered":"<p><span style=\"font-weight: 400;\">El ESX.4cs-gw est\u00e1 optimizado como nodo de comunicaci\u00f3n entre diferentes redes, ideal para la interconexi\u00f3n de sistemas en maquinaria m\u00f3vil.<\/span><\/p>\n<p><span style=\"font-weight: 400;\">Especificaciones T\u00e9cnicas:<\/span><\/p>\n<ul>\n<li style=\"font-weight: 400;\" aria-level=\"1\"><span style=\"font-weight: 400;\">Procesador Aurix TC299 Multicore 32 bit, 300 MHz<\/span><\/li>\n<li style=\"font-weight: 400;\" aria-level=\"1\"><span style=\"font-weight: 400;\">Memoria: 2 MB RAM interna, 8 MB Flash interna, 16 MB Flash externa, 32 kB EEPROM<\/span><\/li>\n<li style=\"font-weight: 400;\" aria-level=\"1\"><span style=\"font-weight: 400;\">6 interfaces CAN (compatibles con CAN-FD)<\/span><\/li>\n<li style=\"font-weight: 400;\" aria-level=\"1\"><span style=\"font-weight: 400;\">Hasta 5 interfaces Ethernet<\/span><\/li>\n<li style=\"font-weight: 400;\" aria-level=\"1\"><span style=\"font-weight: 400;\">Interfaz RS232 y LIN<\/span><\/li>\n<li style=\"font-weight: 400;\" aria-level=\"1\"><span style=\"font-weight: 400;\">12 entradas (compatible con SENT)<\/span><\/li>\n<li style=\"font-weight: 400;\" aria-level=\"1\"><span style=\"font-weight: 400;\">4 salidas<\/span><\/li>\n<li style=\"font-weight: 400;\" aria-level=\"1\"><span style=\"font-weight: 400;\">Grado de protecci\u00f3n hasta IP6K9K<\/span><\/li>\n<li style=\"font-weight: 400;\" aria-level=\"1\"><span style=\"font-weight: 400;\">Dimensiones: 169 x 163 x 40 mm<\/span><\/li>\n<\/ul>\n","protected":false},"excerpt":{"rendered":"<p><span style=\"font-weight: 400;\">El ESX.4cs-gw est\u00e1 optimizado como nodo de comunicaci\u00f3n entre diferentes redes, ideal para la interconexi\u00f3n de sistemas en maquinaria m\u00f3vil.<\/span><\/p>\n","protected":false},"featured_media":5646,"comment_status":"open","ping_status":"closed","template":"","meta":{"site-sidebar-layout":"default","site-content-layout":"","ast-site-content-layout":"default","site-content-style":"default","site-sidebar-style":"default","ast-global-header-display":"","ast-banner-title-visibility":"","ast-main-header-display":"","ast-hfb-above-header-display":"","ast-hfb-below-header-display":"","ast-hfb-mobile-header-display":"","site-post-title":"","ast-breadcrumbs-content":"","ast-featured-img":"","footer-sml-layout":"","theme-transparent-header-meta":"default","adv-header-id-meta":"","stick-header-meta":"","header-above-stick-meta":"","header-main-stick-meta":"","header-below-stick-meta":"","astra-migrate-meta-layouts":"set","ast-page-background-enabled":"default","ast-page-background-meta":{"desktop":{"background-color":"","background-image":"","background-repeat":"repeat","background-position":"center center","background-size":"auto","background-attachment":"scroll","background-type":"","background-media":"","overlay-type":"","overlay-color":"","overlay-opacity":"","overlay-gradient":""},"tablet":{"background-color":"","background-image":"","background-repeat":"repeat","background-position":"center center","background-size":"auto","background-attachment":"scroll","background-type":"","background-media":"","overlay-type":"","overlay-color":"","overlay-opacity":"","overlay-gradient":""},"mobile":{"background-color":"","background-image":"","background-repeat":"repeat","background-position":"center center","background-size":"auto","background-attachment":"scroll","background-type":"","background-media":"","overlay-type":"","overlay-color":"","overlay-opacity":"","overlay-gradient":""}},"ast-content-background-meta":{"desktop":{"background-color":"var(--ast-global-color-5)","background-image":"","background-repeat":"repeat","background-position":"center center","background-size":"auto","background-attachment":"scroll","background-type":"","background-media":"","overlay-type":"","overlay-color":"","overlay-opacity":"","overlay-gradient":""},"tablet":{"background-color":"var(--ast-global-color-5)","background-image":"","background-repeat":"repeat","background-position":"center center","background-size":"auto","background-attachment":"scroll","background-type":"","background-media":"","overlay-type":"","overlay-color":"","overlay-opacity":"","overlay-gradient":""},"mobile":{"background-color":"var(--ast-global-color-5)","background-image":"","background-repeat":"repeat","background-position":"center center","background-size":"auto","background-attachment":"scroll","background-type":"","background-media":"","overlay-type":"","overlay-color":"","overlay-opacity":"","overlay-gradient":""}},"_joinchat":[]},"product_brand":[],"product_cat":[74],"product_tag":[],"class_list":{"0":"post-5334","1":"product","2":"type-product","3":"status-publish","4":"has-post-thumbnail","6":"product_cat-controladores-stw-gen-4","7":"desktop-align-left","8":"tablet-align-left","9":"mobile-align-left","11":"first","12":"instock","13":"downloadable","14":"virtual","15":"product-type-simple"},"_links":{"self":[{"href":"http:\/\/supportronics.com\/staging\/wp-json\/wp\/v2\/product\/5334","targetHints":{"allow":["GET"]}}],"collection":[{"href":"http:\/\/supportronics.com\/staging\/wp-json\/wp\/v2\/product"}],"about":[{"href":"http:\/\/supportronics.com\/staging\/wp-json\/wp\/v2\/types\/product"}],"replies":[{"embeddable":true,"href":"http:\/\/supportronics.com\/staging\/wp-json\/wp\/v2\/comments?post=5334"}],"version-history":[{"count":3,"href":"http:\/\/supportronics.com\/staging\/wp-json\/wp\/v2\/product\/5334\/revisions"}],"predecessor-version":[{"id":5650,"href":"http:\/\/supportronics.com\/staging\/wp-json\/wp\/v2\/product\/5334\/revisions\/5650"}],"wp:featuredmedia":[{"embeddable":true,"href":"http:\/\/supportronics.com\/staging\/wp-json\/wp\/v2\/media\/5646"}],"wp:attachment":[{"href":"http:\/\/supportronics.com\/staging\/wp-json\/wp\/v2\/media?parent=5334"}],"wp:term":[{"taxonomy":"product_brand","embeddable":true,"href":"http:\/\/supportronics.com\/staging\/wp-json\/wp\/v2\/product_brand?post=5334"},{"taxonomy":"product_cat","embeddable":true,"href":"http:\/\/supportronics.com\/staging\/wp-json\/wp\/v2\/product_cat?post=5334"},{"taxonomy":"product_tag","embeddable":true,"href":"http:\/\/supportronics.com\/staging\/wp-json\/wp\/v2\/product_tag?post=5334"}],"curies":[{"name":"wp","href":"https:\/\/api.w.org\/{rel}","templated":true}]}}