{"id":5340,"date":"2025-04-22T23:37:18","date_gmt":"2025-04-22T23:37:18","guid":{"rendered":"http:\/\/supportronics.com\/staging\/?post_type=product&#038;p=5340"},"modified":"2025-05-14T08:51:02","modified_gmt":"2025-05-14T11:51:02","slug":"esx-4cl","status":"publish","type":"product","link":"http:\/\/supportronics.com\/staging\/producto\/esx-4cl\/","title":{"rendered":"ESX.4cl"},"content":{"rendered":"<p><span style=\"font-weight: 400;\">Soluci\u00f3n completa ideal para sistemas complejos que requieren numerosas interfaces de comunicaci\u00f3n y un gran n\u00famero de entradas\/salidas.<\/span><\/p>\n<p><span style=\"font-weight: 400;\">Especificaciones T\u00e9cnicas:<\/span><\/p>\n<ul>\n<li style=\"font-weight: 400;\" aria-level=\"1\"><span style=\"font-weight: 400;\">Procesador Aurix TC299 Multicore 32 bit, 300 MHz<\/span><\/li>\n<li style=\"font-weight: 400;\" aria-level=\"1\"><span style=\"font-weight: 400;\">Memoria: 2 MB RAM interna, 8 MB Flash interna, 32 kB EEPROM<\/span><\/li>\n<li style=\"font-weight: 400;\" aria-level=\"1\"><span style=\"font-weight: 400;\">6 interfaces CAN (compatible con CAN-FD)<\/span><\/li>\n<li style=\"font-weight: 400;\" aria-level=\"1\"><span style=\"font-weight: 400;\">Hasta 6 interfaces Ethernet de alta velocidad<\/span><\/li>\n<li style=\"font-weight: 400;\" aria-level=\"1\"><span style=\"font-weight: 400;\">60 entradas y 53 salidas<\/span><\/li>\n<li style=\"font-weight: 400;\" aria-level=\"1\"><span style=\"font-weight: 400;\">Coprocesador i.MX 6 con Linux (opcional)<\/span><\/li>\n<li style=\"font-weight: 400;\" aria-level=\"1\"><span style=\"font-weight: 400;\">Grado de protecci\u00f3n hasta IP6K9K<\/span><\/li>\n<li style=\"font-weight: 400;\" aria-level=\"1\"><span style=\"font-weight: 400;\">Dimensiones: 264 x 260 x 55 mm<\/span><\/li>\n<\/ul>\n","protected":false},"excerpt":{"rendered":"<p><span style=\"font-weight: 400;\">Soluci\u00f3n completa ideal para sistemas complejos que requieren numerosas interfaces de comunicaci\u00f3n y un gran n\u00famero de entradas\/salidas.<\/span><\/p>\n","protected":false},"featured_media":5645,"comment_status":"open","ping_status":"closed","template":"","meta":{"site-sidebar-layout":"default","site-content-layout":"","ast-site-content-layout":"default","site-content-style":"default","site-sidebar-style":"default","ast-global-header-display":"","ast-banner-title-visibility":"","ast-main-header-display":"","ast-hfb-above-header-display":"","ast-hfb-below-header-display":"","ast-hfb-mobile-header-display":"","site-post-title":"","ast-breadcrumbs-content":"","ast-featured-img":"","footer-sml-layout":"","theme-transparent-header-meta":"default","adv-header-id-meta":"","stick-header-meta":"","header-above-stick-meta":"","header-main-stick-meta":"","header-below-stick-meta":"","astra-migrate-meta-layouts":"set","ast-page-background-enabled":"default","ast-page-background-meta":{"desktop":{"background-color":"","background-image":"","background-repeat":"repeat","background-position":"center center","background-size":"auto","background-attachment":"scroll","background-type":"","background-media":"","overlay-type":"","overlay-color":"","overlay-opacity":"","overlay-gradient":""},"tablet":{"background-color":"","background-image":"","background-repeat":"repeat","background-position":"center center","background-size":"auto","background-attachment":"scroll","background-type":"","background-media":"","overlay-type":"","overlay-color":"","overlay-opacity":"","overlay-gradient":""},"mobile":{"background-color":"","background-image":"","background-repeat":"repeat","background-position":"center center","background-size":"auto","background-attachment":"scroll","background-type":"","background-media":"","overlay-type":"","overlay-color":"","overlay-opacity":"","overlay-gradient":""}},"ast-content-background-meta":{"desktop":{"background-color":"var(--ast-global-color-5)","background-image":"","background-repeat":"repeat","background-position":"center center","background-size":"auto","background-attachment":"scroll","background-type":"","background-media":"","overlay-type":"","overlay-color":"","overlay-opacity":"","overlay-gradient":""},"tablet":{"background-color":"var(--ast-global-color-5)","background-image":"","background-repeat":"repeat","background-position":"center center","background-size":"auto","background-attachment":"scroll","background-type":"","background-media":"","overlay-type":"","overlay-color":"","overlay-opacity":"","overlay-gradient":""},"mobile":{"background-color":"var(--ast-global-color-5)","background-image":"","background-repeat":"repeat","background-position":"center center","background-size":"auto","background-attachment":"scroll","background-type":"","background-media":"","overlay-type":"","overlay-color":"","overlay-opacity":"","overlay-gradient":""}},"_joinchat":[]},"product_brand":[],"product_cat":[74],"product_tag":[],"class_list":{"0":"post-5340","1":"product","2":"type-product","3":"status-publish","4":"has-post-thumbnail","6":"product_cat-controladores-stw-gen-4","7":"desktop-align-left","8":"tablet-align-left","9":"mobile-align-left","11":"first","12":"instock","13":"downloadable","14":"virtual","15":"product-type-simple"},"_links":{"self":[{"href":"http:\/\/supportronics.com\/staging\/wp-json\/wp\/v2\/product\/5340","targetHints":{"allow":["GET"]}}],"collection":[{"href":"http:\/\/supportronics.com\/staging\/wp-json\/wp\/v2\/product"}],"about":[{"href":"http:\/\/supportronics.com\/staging\/wp-json\/wp\/v2\/types\/product"}],"replies":[{"embeddable":true,"href":"http:\/\/supportronics.com\/staging\/wp-json\/wp\/v2\/comments?post=5340"}],"version-history":[{"count":2,"href":"http:\/\/supportronics.com\/staging\/wp-json\/wp\/v2\/product\/5340\/revisions"}],"predecessor-version":[{"id":5615,"href":"http:\/\/supportronics.com\/staging\/wp-json\/wp\/v2\/product\/5340\/revisions\/5615"}],"wp:featuredmedia":[{"embeddable":true,"href":"http:\/\/supportronics.com\/staging\/wp-json\/wp\/v2\/media\/5645"}],"wp:attachment":[{"href":"http:\/\/supportronics.com\/staging\/wp-json\/wp\/v2\/media?parent=5340"}],"wp:term":[{"taxonomy":"product_brand","embeddable":true,"href":"http:\/\/supportronics.com\/staging\/wp-json\/wp\/v2\/product_brand?post=5340"},{"taxonomy":"product_cat","embeddable":true,"href":"http:\/\/supportronics.com\/staging\/wp-json\/wp\/v2\/product_cat?post=5340"},{"taxonomy":"product_tag","embeddable":true,"href":"http:\/\/supportronics.com\/staging\/wp-json\/wp\/v2\/product_tag?post=5340"}],"curies":[{"name":"wp","href":"https:\/\/api.w.org\/{rel}","templated":true}]}}