{"id":5402,"date":"2025-04-24T12:14:47","date_gmt":"2025-04-24T15:14:47","guid":{"rendered":"http:\/\/supportronics.com\/staging\/?post_type=product&#038;p=5402"},"modified":"2025-05-07T09:29:12","modified_gmt":"2025-05-07T12:29:12","slug":"oem","status":"publish","type":"product","link":"http:\/\/supportronics.com\/staging\/producto\/oem\/","title":{"rendered":"OEM"},"content":{"rendered":"<p>Datos T\u00e9cnicos<\/p>\n<ul>\n<li>Rangos de medici\u00f3n disponibles desde 20 hasta 3000 bar<\/li>\n<li>Excepcional estabilidad t\u00e9rmica (TC &lt; 0.02% FS\/K)<\/li>\n<li>Temperatura de operaci\u00f3n: -40 a +200\u00b0C<\/li>\n<li>Alta resistencia a sobrepresiones y presiones de ruptura<\/li>\n<li>Disponible con diferentes opciones de conexi\u00f3n y montaje<\/li>\n<\/ul>\n","protected":false},"excerpt":{"rendered":"<p>Soluci\u00f3n de alta precisi\u00f3n con tecnolog\u00eda de galgas extensom\u00e9tricas de pel\u00edcula delgada para mediciones en medios l\u00edquidos y gaseosos, incluyendo gases especiales. Destaca por su hist\u00e9resis extremadamente baja, excelente compensaci\u00f3n t\u00e9rmica y alta resistencia a sobrepresiones, haci\u00e9ndolo ideal para aplicaciones cr\u00edticas.<\/p>\n","protected":false},"featured_media":5385,"comment_status":"open","ping_status":"closed","template":"","meta":{"site-sidebar-layout":"default","site-content-layout":"","ast-site-content-layout":"default","site-content-style":"default","site-sidebar-style":"default","ast-global-header-display":"","ast-banner-title-visibility":"","ast-main-header-display":"","ast-hfb-above-header-display":"","ast-hfb-below-header-display":"","ast-hfb-mobile-header-display":"","site-post-title":"","ast-breadcrumbs-content":"","ast-featured-img":"","footer-sml-layout":"","theme-transparent-header-meta":"default","adv-header-id-meta":"","stick-header-meta":"","header-above-stick-meta":"","header-main-stick-meta":"","header-below-stick-meta":"","astra-migrate-meta-layouts":"set","ast-page-background-enabled":"default","ast-page-background-meta":{"desktop":{"background-color":"","background-image":"","background-repeat":"repeat","background-position":"center center","background-size":"auto","background-attachment":"scroll","background-type":"","background-media":"","overlay-type":"","overlay-color":"","overlay-opacity":"","overlay-gradient":""},"tablet":{"background-color":"","background-image":"","background-repeat":"repeat","background-position":"center center","background-size":"auto","background-attachment":"scroll","background-type":"","background-media":"","overlay-type":"","overlay-color":"","overlay-opacity":"","overlay-gradient":""},"mobile":{"background-color":"","background-image":"","background-repeat":"repeat","background-position":"center center","background-size":"auto","background-attachment":"scroll","background-type":"","background-media":"","overlay-type":"","overlay-color":"","overlay-opacity":"","overlay-gradient":""}},"ast-content-background-meta":{"desktop":{"background-color":"var(--ast-global-color-5)","background-image":"","background-repeat":"repeat","background-position":"center center","background-size":"auto","background-attachment":"scroll","background-type":"","background-media":"","overlay-type":"","overlay-color":"","overlay-opacity":"","overlay-gradient":""},"tablet":{"background-color":"var(--ast-global-color-5)","background-image":"","background-repeat":"repeat","background-position":"center center","background-size":"auto","background-attachment":"scroll","background-type":"","background-media":"","overlay-type":"","overlay-color":"","overlay-opacity":"","overlay-gradient":""},"mobile":{"background-color":"var(--ast-global-color-5)","background-image":"","background-repeat":"repeat","background-position":"center center","background-size":"auto","background-attachment":"scroll","background-type":"","background-media":"","overlay-type":"","overlay-color":"","overlay-opacity":"","overlay-gradient":""}},"_joinchat":[]},"product_brand":[],"product_cat":[80],"product_tag":[],"class_list":{"0":"post-5402","1":"product","2":"type-product","3":"status-publish","4":"has-post-thumbnail","6":"product_cat-elementos-de-deteccion","7":"desktop-align-left","8":"tablet-align-left","9":"mobile-align-left","11":"first","12":"instock","13":"shipping-taxable","14":"product-type-simple"},"_links":{"self":[{"href":"http:\/\/supportronics.com\/staging\/wp-json\/wp\/v2\/product\/5402","targetHints":{"allow":["GET"]}}],"collection":[{"href":"http:\/\/supportronics.com\/staging\/wp-json\/wp\/v2\/product"}],"about":[{"href":"http:\/\/supportronics.com\/staging\/wp-json\/wp\/v2\/types\/product"}],"replies":[{"embeddable":true,"href":"http:\/\/supportronics.com\/staging\/wp-json\/wp\/v2\/comments?post=5402"}],"version-history":[{"count":2,"href":"http:\/\/supportronics.com\/staging\/wp-json\/wp\/v2\/product\/5402\/revisions"}],"predecessor-version":[{"id":5627,"href":"http:\/\/supportronics.com\/staging\/wp-json\/wp\/v2\/product\/5402\/revisions\/5627"}],"wp:featuredmedia":[{"embeddable":true,"href":"http:\/\/supportronics.com\/staging\/wp-json\/wp\/v2\/media\/5385"}],"wp:attachment":[{"href":"http:\/\/supportronics.com\/staging\/wp-json\/wp\/v2\/media?parent=5402"}],"wp:term":[{"taxonomy":"product_brand","embeddable":true,"href":"http:\/\/supportronics.com\/staging\/wp-json\/wp\/v2\/product_brand?post=5402"},{"taxonomy":"product_cat","embeddable":true,"href":"http:\/\/supportronics.com\/staging\/wp-json\/wp\/v2\/product_cat?post=5402"},{"taxonomy":"product_tag","embeddable":true,"href":"http:\/\/supportronics.com\/staging\/wp-json\/wp\/v2\/product_tag?post=5402"}],"curies":[{"name":"wp","href":"https:\/\/api.w.org\/{rel}","templated":true}]}}