{"id":5471,"date":"2025-05-02T11:08:45","date_gmt":"2025-05-02T14:08:45","guid":{"rendered":"http:\/\/supportronics.com\/staging\/?post_type=product&#038;p=5471"},"modified":"2025-05-02T11:59:07","modified_gmt":"2025-05-02T14:59:07","slug":"mconn-7-inch","status":"publish","type":"product","link":"http:\/\/supportronics.com\/staging\/producto\/mconn-7-inch\/","title":{"rendered":"MCONN 7 INCH"},"content":{"rendered":"<p><span style=\"font-weight: 400;\">MConn es nuestra nueva generaci\u00f3n de Connected Displays con un potente procesador ARM Cortex-A9 multin\u00facleo de 32 bits, con aceleraci\u00f3n de hardware de gr\u00e1ficos 2D, 3D y vectoriales. Con una pantalla t\u00e1ctil PCAP multit\u00e1ctil, los operadores pueden aprovechar funciones como pellizcar para ampliar, rotar, deslizar y muchas m\u00e1s. Se puede programar para ejecutarse en Linux embebido, Android o QNX, seg\u00fan los requisitos del usuario. La pantalla viene con un amplio conjunto de interfaces cableadas e inal\u00e1mbricas, que incluyen CAN (2x), LIN, Ethernet, USB (2x), audio, entradas de c\u00e1mara (4x), E\/S (22), 4G LTE, GPS, WiFi y Bluetooth.<\/span><\/p>\n<p><span style=\"font-weight: 400;\">Main Processor NXP i.MX6, 32-bit Cortex-A9 ARM processor<\/span><\/p>\n<p><span style=\"font-weight: 400;\">Total Inputs and outputs 22 (18 inputs 4 outputs)\u00a0<\/span><\/p>\n<p><span style=\"font-weight: 400;\">Inputs 12 digital inputs 6 analog inputs 2 Thermistor inputs 2 frequency counter inputs Outputs 4 Digital high side drivers (2A each)<\/span><\/p>\n<p><span style=\"font-weight: 400;\">Interfaces 2x CAN 1x LIN Ethernet 2x USB 2.0 4x Analog Video Inputs GPS WiFi Bluetooth 4.0 AM\/FM\/WX Tuner<\/span><\/p>\n","protected":false},"excerpt":{"rendered":"<p><span style=\"font-weight: 400;\">MConn es nuestra nueva generaci\u00f3n de Connected Displays con un potente procesador ARM Cortex-A9 multin\u00facleo de 32 bits, con aceleraci\u00f3n de hardware de gr\u00e1ficos 2D, 3D y vectoriales.<\/span><\/p>\n","protected":false},"featured_media":5473,"comment_status":"open","ping_status":"closed","template":"","meta":{"site-sidebar-layout":"default","site-content-layout":"","ast-site-content-layout":"default","site-content-style":"default","site-sidebar-style":"default","ast-global-header-display":"","ast-banner-title-visibility":"","ast-main-header-display":"","ast-hfb-above-header-display":"","ast-hfb-below-header-display":"","ast-hfb-mobile-header-display":"","site-post-title":"","ast-breadcrumbs-content":"","ast-featured-img":"","footer-sml-layout":"","theme-transparent-header-meta":"default","adv-header-id-meta":"","stick-header-meta":"","header-above-stick-meta":"","header-main-stick-meta":"","header-below-stick-meta":"","astra-migrate-meta-layouts":"set","ast-page-background-enabled":"default","ast-page-background-meta":{"desktop":{"background-color":"","background-image":"","background-repeat":"repeat","background-position":"center center","background-size":"auto","background-attachment":"scroll","background-type":"","background-media":"","overlay-type":"","overlay-color":"","overlay-opacity":"","overlay-gradient":""},"tablet":{"background-color":"","background-image":"","background-repeat":"repeat","background-position":"center center","background-size":"auto","background-attachment":"scroll","background-type":"","background-media":"","overlay-type":"","overlay-color":"","overlay-opacity":"","overlay-gradient":""},"mobile":{"background-color":"","background-image":"","background-repeat":"repeat","background-position":"center center","background-size":"auto","background-attachment":"scroll","background-type":"","background-media":"","overlay-type":"","overlay-color":"","overlay-opacity":"","overlay-gradient":""}},"ast-content-background-meta":{"desktop":{"background-color":"var(--ast-global-color-5)","background-image":"","background-repeat":"repeat","background-position":"center center","background-size":"auto","background-attachment":"scroll","background-type":"","background-media":"","overlay-type":"","overlay-color":"","overlay-opacity":"","overlay-gradient":""},"tablet":{"background-color":"var(--ast-global-color-5)","background-image":"","background-repeat":"repeat","background-position":"center center","background-size":"auto","background-attachment":"scroll","background-type":"","background-media":"","overlay-type":"","overlay-color":"","overlay-opacity":"","overlay-gradient":""},"mobile":{"background-color":"var(--ast-global-color-5)","background-image":"","background-repeat":"repeat","background-position":"center center","background-size":"auto","background-attachment":"scroll","background-type":"","background-media":"","overlay-type":"","overlay-color":"","overlay-opacity":"","overlay-gradient":""}},"_joinchat":[]},"product_brand":[],"product_cat":[69],"product_tag":[],"class_list":{"0":"post-5471","1":"product","2":"type-product","3":"status-publish","4":"has-post-thumbnail","6":"product_cat-displays-vehicle-tablets","7":"desktop-align-left","8":"tablet-align-left","9":"mobile-align-left","11":"first","12":"instock","13":"downloadable","14":"virtual","15":"product-type-simple"},"_links":{"self":[{"href":"http:\/\/supportronics.com\/staging\/wp-json\/wp\/v2\/product\/5471","targetHints":{"allow":["GET"]}}],"collection":[{"href":"http:\/\/supportronics.com\/staging\/wp-json\/wp\/v2\/product"}],"about":[{"href":"http:\/\/supportronics.com\/staging\/wp-json\/wp\/v2\/types\/product"}],"replies":[{"embeddable":true,"href":"http:\/\/supportronics.com\/staging\/wp-json\/wp\/v2\/comments?post=5471"}],"version-history":[{"count":6,"href":"http:\/\/supportronics.com\/staging\/wp-json\/wp\/v2\/product\/5471\/revisions"}],"predecessor-version":[{"id":5484,"href":"http:\/\/supportronics.com\/staging\/wp-json\/wp\/v2\/product\/5471\/revisions\/5484"}],"wp:featuredmedia":[{"embeddable":true,"href":"http:\/\/supportronics.com\/staging\/wp-json\/wp\/v2\/media\/5473"}],"wp:attachment":[{"href":"http:\/\/supportronics.com\/staging\/wp-json\/wp\/v2\/media?parent=5471"}],"wp:term":[{"taxonomy":"product_brand","embeddable":true,"href":"http:\/\/supportronics.com\/staging\/wp-json\/wp\/v2\/product_brand?post=5471"},{"taxonomy":"product_cat","embeddable":true,"href":"http:\/\/supportronics.com\/staging\/wp-json\/wp\/v2\/product_cat?post=5471"},{"taxonomy":"product_tag","embeddable":true,"href":"http:\/\/supportronics.com\/staging\/wp-json\/wp\/v2\/product_tag?post=5471"}],"curies":[{"name":"wp","href":"https:\/\/api.w.org\/{rel}","templated":true}]}}