{"id":5488,"date":"2025-05-02T17:14:11","date_gmt":"2025-05-02T20:14:11","guid":{"rendered":"http:\/\/supportronics.com\/staging\/?post_type=product&#038;p=5488"},"modified":"2025-05-02T20:36:54","modified_gmt":"2025-05-02T23:36:54","slug":"mconn-mini","status":"publish","type":"product","link":"http:\/\/supportronics.com\/staging\/producto\/mconn-mini\/","title":{"rendered":"MCONN MINI"},"content":{"rendered":"<p><span style=\"font-weight: 400;\">El MRS MConn Mini con su pantalla a color de 2,4 pulgadas es el m\u00e1s peque\u00f1o de la serie MConn. El producto puede programarse seg\u00fan sus necesidades, lo que lo hace vers\u00e1til e ideal para usarlo como pantalla dentro y fuera de la cabina del conductor. Puede asignar libremente las funciones que desee a los 4 botones capacitivos.<\/span><\/p>\n<p>&nbsp;<\/p>\n<p><span style=\"font-weight: 400;\">Como soluci\u00f3n rentable, el MConn Mini se utiliza generalmente para registrar y mostrar datos de sensores. Con la ayuda de un sensor de luz, la pantalla tambi\u00e9n mide los valores de luz del entorno y, por lo tanto, regula la iluminaci\u00f3n de fondo. El MConn Mini tambi\u00e9n est\u00e1 disponible como una variante con un conector NMEA2000 a prueba de agua y, por lo tanto, est\u00e1 a\u00fan mejor protegido contra las influencias externas.<\/span><\/p>\n<p><span style=\"font-weight: 400;\">Interfaces, CAN y LIN<\/span><\/p>\n","protected":false},"excerpt":{"rendered":"<p><span style=\"font-weight: 400;\">El MRS MConn Mini con su pantalla a color de 2,4 pulgadas es el m\u00e1s peque\u00f1o de la serie MConn.<\/span><\/p>\n","protected":false},"featured_media":5490,"comment_status":"open","ping_status":"closed","template":"","meta":{"site-sidebar-layout":"default","site-content-layout":"","ast-site-content-layout":"default","site-content-style":"default","site-sidebar-style":"default","ast-global-header-display":"","ast-banner-title-visibility":"","ast-main-header-display":"","ast-hfb-above-header-display":"","ast-hfb-below-header-display":"","ast-hfb-mobile-header-display":"","site-post-title":"","ast-breadcrumbs-content":"","ast-featured-img":"","footer-sml-layout":"","theme-transparent-header-meta":"default","adv-header-id-meta":"","stick-header-meta":"","header-above-stick-meta":"","header-main-stick-meta":"","header-below-stick-meta":"","astra-migrate-meta-layouts":"set","ast-page-background-enabled":"default","ast-page-background-meta":{"desktop":{"background-color":"","background-image":"","background-repeat":"repeat","background-position":"center center","background-size":"auto","background-attachment":"scroll","background-type":"","background-media":"","overlay-type":"","overlay-color":"","overlay-opacity":"","overlay-gradient":""},"tablet":{"background-color":"","background-image":"","background-repeat":"repeat","background-position":"center center","background-size":"auto","background-attachment":"scroll","background-type":"","background-media":"","overlay-type":"","overlay-color":"","overlay-opacity":"","overlay-gradient":""},"mobile":{"background-color":"","background-image":"","background-repeat":"repeat","background-position":"center center","background-size":"auto","background-attachment":"scroll","background-type":"","background-media":"","overlay-type":"","overlay-color":"","overlay-opacity":"","overlay-gradient":""}},"ast-content-background-meta":{"desktop":{"background-color":"var(--ast-global-color-5)","background-image":"","background-repeat":"repeat","background-position":"center center","background-size":"auto","background-attachment":"scroll","background-type":"","background-media":"","overlay-type":"","overlay-color":"","overlay-opacity":"","overlay-gradient":""},"tablet":{"background-color":"var(--ast-global-color-5)","background-image":"","background-repeat":"repeat","background-position":"center center","background-size":"auto","background-attachment":"scroll","background-type":"","background-media":"","overlay-type":"","overlay-color":"","overlay-opacity":"","overlay-gradient":""},"mobile":{"background-color":"var(--ast-global-color-5)","background-image":"","background-repeat":"repeat","background-position":"center center","background-size":"auto","background-attachment":"scroll","background-type":"","background-media":"","overlay-type":"","overlay-color":"","overlay-opacity":"","overlay-gradient":""}},"_joinchat":[]},"product_brand":[],"product_cat":[69],"product_tag":[],"class_list":{"0":"post-5488","1":"product","2":"type-product","3":"status-publish","4":"has-post-thumbnail","6":"product_cat-displays-vehicle-tablets","7":"desktop-align-left","8":"tablet-align-left","9":"mobile-align-left","11":"first","12":"instock","13":"downloadable","14":"virtual","15":"product-type-simple"},"_links":{"self":[{"href":"http:\/\/supportronics.com\/staging\/wp-json\/wp\/v2\/product\/5488","targetHints":{"allow":["GET"]}}],"collection":[{"href":"http:\/\/supportronics.com\/staging\/wp-json\/wp\/v2\/product"}],"about":[{"href":"http:\/\/supportronics.com\/staging\/wp-json\/wp\/v2\/types\/product"}],"replies":[{"embeddable":true,"href":"http:\/\/supportronics.com\/staging\/wp-json\/wp\/v2\/comments?post=5488"}],"version-history":[{"count":1,"href":"http:\/\/supportronics.com\/staging\/wp-json\/wp\/v2\/product\/5488\/revisions"}],"predecessor-version":[{"id":5492,"href":"http:\/\/supportronics.com\/staging\/wp-json\/wp\/v2\/product\/5488\/revisions\/5492"}],"wp:featuredmedia":[{"embeddable":true,"href":"http:\/\/supportronics.com\/staging\/wp-json\/wp\/v2\/media\/5490"}],"wp:attachment":[{"href":"http:\/\/supportronics.com\/staging\/wp-json\/wp\/v2\/media?parent=5488"}],"wp:term":[{"taxonomy":"product_brand","embeddable":true,"href":"http:\/\/supportronics.com\/staging\/wp-json\/wp\/v2\/product_brand?post=5488"},{"taxonomy":"product_cat","embeddable":true,"href":"http:\/\/supportronics.com\/staging\/wp-json\/wp\/v2\/product_cat?post=5488"},{"taxonomy":"product_tag","embeddable":true,"href":"http:\/\/supportronics.com\/staging\/wp-json\/wp\/v2\/product_tag?post=5488"}],"curies":[{"name":"wp","href":"https:\/\/api.w.org\/{rel}","templated":true}]}}