{"id":5283,"date":"2025-04-17T19:01:24","date_gmt":"2025-04-17T19:01:24","guid":{"rendered":"http:\/\/supportronics.com\/staging\/?post_type=product&#038;p=5283"},"modified":"2025-10-30T10:32:09","modified_gmt":"2025-10-30T13:32:09","slug":"cc16wp","status":"publish","type":"product","link":"https:\/\/supportronics.com\/staging\/producto\/cc16wp\/","title":{"rendered":"CC16WP"},"content":{"rendered":"<p>El CC16WP forma parte de la generaci\u00f3n m\u00e1s avanzada de controladores MRS Electronic. El n\u00facleo, el procesador de 32 bits, ofrece m\u00e1s potencia de c\u00e1lculo y, por lo tanto, tiempos de ciclo de c\u00e1lculo m\u00e1s r\u00e1pidos. Tambi\u00e9n se beneficia de una funcionalidad de Gateway m\u00e1s potente y de opciones de programaci\u00f3n complejas para sus aplicaciones.<\/p>\n<p>Gracias a la alt\u00edsima flexibilidad de las entradas multifunci\u00f3n, el CC16WP est\u00e1 bien preparado para diversas \u00e1reas de aplicaci\u00f3n.<\/p>\n<p>En definitiva, el compacto CC16WP ofrece a las aplicacionesel mayor poder de procesamientos en los espacios de instalaci\u00f3n m\u00e1s reducidos.<\/p>\n<p>Con la posici\u00f3n de instalaci\u00f3n correcta, se puede alcanzar el alto grado de protecci\u00f3n IP6K8. La variante de pedido con certificaci\u00f3n AEF y memoria flash de 2 MB tambi\u00e9n es compatible con diferentes stacks ISOBUS y puede comunicarse con otros componentes vinculados, como terminales o implementos. El m\u00f3dulo tambi\u00e9n es compatible con CAN FD.<\/p>\n<p>&nbsp;<\/p>\n<p>&nbsp;<\/p>\n<p>&nbsp;<\/p>\n<table width=\"627\">\n<tbody>\n<tr>\n<td colspan=\"4\" width=\"627\">EspecificacionesT\u00e9cnicas<\/td>\n<\/tr>\n<tr>\n<td colspan=\"2\" width=\"305\">Entradas Salidas<\/td>\n<td colspan=\"2\" width=\"322\">General<\/td>\n<\/tr>\n<tr>\n<td width=\"155\">Cantidad de pines<\/td>\n<td width=\"151\">24<\/td>\n<td width=\"168\">Rango temperatura<\/td>\n<td width=\"154\">-40\/85\u00b0C<\/td>\n<\/tr>\n<tr>\n<td width=\"155\">Entradas<\/td>\n<td width=\"151\">7<\/td>\n<td width=\"168\">Voltage operativo<\/td>\n<td width=\"154\">9-32V<\/td>\n<\/tr>\n<tr>\n<td width=\"155\">Entradas\/Salidas<\/td>\n<td width=\"151\">8<\/td>\n<td width=\"168\">Procesador<\/td>\n<td width=\"154\">32-bit<\/td>\n<\/tr>\n<tr>\n<td width=\"155\">Corriente de conm.<\/td>\n<td width=\"151\">3A a 85\u00b0C<\/td>\n<td width=\"168\">IP<\/td>\n<td width=\"154\">IP6K8<\/td>\n<\/tr>\n<tr>\n<td colspan=\"2\" width=\"305\">Interfaces<\/td>\n<td width=\"168\">Dimensiones<\/td>\n<td width=\"154\">60 x 77 x 30mm<\/td>\n<\/tr>\n<tr>\n<td width=\"155\">CAN<\/td>\n<td width=\"151\">2<\/td>\n<td width=\"168\"><\/td>\n<td width=\"154\"><\/td>\n<\/tr>\n<tr>\n<td width=\"155\">CAN FD<\/td>\n<td width=\"151\">1<\/td>\n<td width=\"168\"><\/td>\n<td width=\"154\"><\/td>\n<\/tr>\n<tr>\n<td width=\"155\">LIN<\/td>\n<td width=\"151\">1<\/td>\n<td width=\"168\"><\/td>\n<td width=\"154\"><\/td>\n<\/tr>\n<tr>\n<td width=\"155\">Interface serial<\/td>\n<td width=\"151\">1<\/td>\n<td width=\"168\"><\/td>\n<td width=\"154\"><\/td>\n<\/tr>\n<tr>\n<td colspan=\"4\" width=\"627\">Herramienta de Programaci\u00f3n<\/td>\n<\/tr>\n<tr>\n<td colspan=\"4\" width=\"627\">MRS Applics Studio<\/td>\n<\/tr>\n<\/tbody>\n<\/table>\n<p>&nbsp;<\/p>\n","protected":false},"excerpt":{"rendered":"<p>El CC16WP forma parte de la generaci\u00f3n m\u00e1s avanzada de controladores MRS Electronic.<\/p>\n","protected":false},"featured_media":7503,"comment_status":"open","ping_status":"closed","template":"","meta":{"site-sidebar-layout":"default","site-content-layout":"","ast-site-content-layout":"default","site-content-style":"default","site-sidebar-style":"default","ast-global-header-display":"","ast-banner-title-visibility":"","ast-main-header-display":"","ast-hfb-above-header-display":"","ast-hfb-below-header-display":"","ast-hfb-mobile-header-display":"","site-post-title":"","ast-breadcrumbs-content":"","ast-featured-img":"","footer-sml-layout":"","theme-transparent-header-meta":"default","adv-header-id-meta":"","stick-header-meta":"","header-above-stick-meta":"","header-main-stick-meta":"","header-below-stick-meta":"","astra-migrate-meta-layouts":"set","ast-page-background-enabled":"default","ast-page-background-meta":{"desktop":{"background-color":"","background-image":"","background-repeat":"repeat","background-position":"center center","background-size":"auto","background-attachment":"scroll","background-type":"","background-media":"","overlay-type":"","overlay-color":"","overlay-opacity":"","overlay-gradient":""},"tablet":{"background-color":"","background-image":"","background-repeat":"repeat","background-position":"center center","background-size":"auto","background-attachment":"scroll","background-type":"","background-media":"","overlay-type":"","overlay-color":"","overlay-opacity":"","overlay-gradient":""},"mobile":{"background-color":"","background-image":"","background-repeat":"repeat","background-position":"center center","background-size":"auto","background-attachment":"scroll","background-type":"","background-media":"","overlay-type":"","overlay-color":"","overlay-opacity":"","overlay-gradient":""}},"ast-content-background-meta":{"desktop":{"background-color":"var(--ast-global-color-5)","background-image":"","background-repeat":"repeat","background-position":"center center","background-size":"auto","background-attachment":"scroll","background-type":"","background-media":"","overlay-type":"","overlay-color":"","overlay-opacity":"","overlay-gradient":""},"tablet":{"background-color":"var(--ast-global-color-5)","background-image":"","background-repeat":"repeat","background-position":"center center","background-size":"auto","background-attachment":"scroll","background-type":"","background-media":"","overlay-type":"","overlay-color":"","overlay-opacity":"","overlay-gradient":""},"mobile":{"background-color":"var(--ast-global-color-5)","background-image":"","background-repeat":"repeat","background-position":"center center","background-size":"auto","background-attachment":"scroll","background-type":"","background-media":"","overlay-type":"","overlay-color":"","overlay-opacity":"","overlay-gradient":""}},"_joinchat":[]},"product_brand":[],"product_cat":[63],"product_tag":[],"class_list":{"0":"post-5283","1":"product","2":"type-product","3":"status-publish","4":"has-post-thumbnail","6":"product_cat-controladores-compactos","7":"desktop-align-left","8":"tablet-align-left","9":"mobile-align-left","11":"first","12":"instock","13":"downloadable","14":"virtual","15":"product-type-simple"},"_links":{"self":[{"href":"https:\/\/supportronics.com\/staging\/wp-json\/wp\/v2\/product\/5283","targetHints":{"allow":["GET"]}}],"collection":[{"href":"https:\/\/supportronics.com\/staging\/wp-json\/wp\/v2\/product"}],"about":[{"href":"https:\/\/supportronics.com\/staging\/wp-json\/wp\/v2\/types\/product"}],"replies":[{"embeddable":true,"href":"https:\/\/supportronics.com\/staging\/wp-json\/wp\/v2\/comments?post=5283"}],"version-history":[{"count":2,"href":"https:\/\/supportronics.com\/staging\/wp-json\/wp\/v2\/product\/5283\/revisions"}],"predecessor-version":[{"id":5600,"href":"https:\/\/supportronics.com\/staging\/wp-json\/wp\/v2\/product\/5283\/revisions\/5600"}],"wp:featuredmedia":[{"embeddable":true,"href":"https:\/\/supportronics.com\/staging\/wp-json\/wp\/v2\/media\/7503"}],"wp:attachment":[{"href":"https:\/\/supportronics.com\/staging\/wp-json\/wp\/v2\/media?parent=5283"}],"wp:term":[{"taxonomy":"product_brand","embeddable":true,"href":"https:\/\/supportronics.com\/staging\/wp-json\/wp\/v2\/product_brand?post=5283"},{"taxonomy":"product_cat","embeddable":true,"href":"https:\/\/supportronics.com\/staging\/wp-json\/wp\/v2\/product_cat?post=5283"},{"taxonomy":"product_tag","embeddable":true,"href":"https:\/\/supportronics.com\/staging\/wp-json\/wp\/v2\/product_tag?post=5283"}],"curies":[{"name":"wp","href":"https:\/\/api.w.org\/{rel}","templated":true}]}}