{"id":5285,"date":"2025-04-17T19:02:22","date_gmt":"2025-04-17T19:02:22","guid":{"rendered":"http:\/\/supportronics.com\/staging\/?post_type=product&#038;p=5285"},"modified":"2025-10-30T10:26:32","modified_gmt":"2025-10-30T13:26:32","slug":"microplex-7h","status":"publish","type":"product","link":"https:\/\/supportronics.com\/staging\/producto\/microplex-7h\/","title":{"rendered":"MicroPlex 7H"},"content":{"rendered":"<p>Los integrantes de la familia patentada MicroPlex\u00ae son los controladores CAN m\u00e1s peque\u00f1o con el mayor nivel de integraci\u00f3n de MRS Electronic. Son tan compactos que ocupan s\u00f3lo un \u00e1rea base equivalente a 2 rel\u00e9s Micro 280.<\/p>\n<p>Est\u00e1n dise\u00f1ados inclusive para poder utilizarse en cajas est\u00e1ndar de fusibles ISO280.<\/p>\n<p>La versi\u00f3n 7H tiene siete salidas-high-sidedriver- que conmutan el voltaje de suministro y con capacidad PWM en seis de ellas.<\/p>\n<p>Los dispositivos de la familia MicroPlex\u00aeson programados via CAN. Es decir, esto permite que se puedan reprogramar directamente en su sitio sin necesidad de retirarlos del sistema.<\/p>\n<p>De esta manera, la innovadora familia MicroPlex\u00ae se adapta perfectamente a tus necesidades.<\/p>\n<p>&nbsp;<\/p>\n<table>\n<tbody>\n<tr>\n<td colspan=\"4\" width=\"623\">Especificaciones T\u00e9cnicas<\/td>\n<\/tr>\n<tr>\n<td colspan=\"2\" width=\"312\">Salidas<\/td>\n<td colspan=\"2\" width=\"312\">General<\/td>\n<\/tr>\n<tr>\n<td width=\"156\">Cantidad de pines<\/td>\n<td width=\"156\">12<\/td>\n<td width=\"156\">Rango temperatura<\/td>\n<td width=\"156\">-40\/85\u00b0C<\/td>\n<\/tr>\n<tr>\n<td width=\"156\">To<\/td>\n<td width=\"156\">7<\/td>\n<td width=\"156\">Voltage operativo<\/td>\n<td width=\"156\">9-32V<\/td>\n<\/tr>\n<tr>\n<td width=\"156\">PWM<\/td>\n<td width=\"156\">6<\/td>\n<td width=\"156\">Procesador<\/td>\n<td width=\"156\">8-bit<\/td>\n<\/tr>\n<tr>\n<td colspan=\"2\" width=\"312\">Interfaces<\/td>\n<td width=\"156\">IP<\/td>\n<td width=\"156\">IP67<\/td>\n<\/tr>\n<tr>\n<td width=\"156\">CAN<\/td>\n<td width=\"156\">1<\/td>\n<td width=\"156\">Dimensiones<\/td>\n<td width=\"156\">30.4 x 23.6 x 25.75mm<\/td>\n<\/tr>\n<tr>\n<td colspan=\"4\" width=\"623\">Herramienta de Programaci\u00f3n<\/td>\n<\/tr>\n<tr>\n<td colspan=\"4\" width=\"623\">MRS Developers Studio<\/td>\n<\/tr>\n<\/tbody>\n<\/table>\n<p>&nbsp;<\/p>\n<p>&nbsp;<\/p>\n","protected":false},"excerpt":{"rendered":"<p>Los integrantes de la familia patentada MicroPlex\u00ae son los controladores CAN m\u00e1s peque\u00f1o con el mayor nivel de integraci\u00f3n de MRS Electronic<\/p>\n","protected":false},"featured_media":7500,"comment_status":"open","ping_status":"closed","template":"","meta":{"site-sidebar-layout":"default","site-content-layout":"","ast-site-content-layout":"default","site-content-style":"default","site-sidebar-style":"default","ast-global-header-display":"","ast-banner-title-visibility":"","ast-main-header-display":"","ast-hfb-above-header-display":"","ast-hfb-below-header-display":"","ast-hfb-mobile-header-display":"","site-post-title":"","ast-breadcrumbs-content":"","ast-featured-img":"","footer-sml-layout":"","theme-transparent-header-meta":"default","adv-header-id-meta":"","stick-header-meta":"","header-above-stick-meta":"","header-main-stick-meta":"","header-below-stick-meta":"","astra-migrate-meta-layouts":"set","ast-page-background-enabled":"default","ast-page-background-meta":{"desktop":{"background-color":"","background-image":"","background-repeat":"repeat","background-position":"center center","background-size":"auto","background-attachment":"scroll","background-type":"","background-media":"","overlay-type":"","overlay-color":"","overlay-opacity":"","overlay-gradient":""},"tablet":{"background-color":"","background-image":"","background-repeat":"repeat","background-position":"center center","background-size":"auto","background-attachment":"scroll","background-type":"","background-media":"","overlay-type":"","overlay-color":"","overlay-opacity":"","overlay-gradient":""},"mobile":{"background-color":"","background-image":"","background-repeat":"repeat","background-position":"center center","background-size":"auto","background-attachment":"scroll","background-type":"","background-media":"","overlay-type":"","overlay-color":"","overlay-opacity":"","overlay-gradient":""}},"ast-content-background-meta":{"desktop":{"background-color":"var(--ast-global-color-5)","background-image":"","background-repeat":"repeat","background-position":"center center","background-size":"auto","background-attachment":"scroll","background-type":"","background-media":"","overlay-type":"","overlay-color":"","overlay-opacity":"","overlay-gradient":""},"tablet":{"background-color":"var(--ast-global-color-5)","background-image":"","background-repeat":"repeat","background-position":"center center","background-size":"auto","background-attachment":"scroll","background-type":"","background-media":"","overlay-type":"","overlay-color":"","overlay-opacity":"","overlay-gradient":""},"mobile":{"background-color":"var(--ast-global-color-5)","background-image":"","background-repeat":"repeat","background-position":"center center","background-size":"auto","background-attachment":"scroll","background-type":"","background-media":"","overlay-type":"","overlay-color":"","overlay-opacity":"","overlay-gradient":""}},"_joinchat":[]},"product_brand":[],"product_cat":[63],"product_tag":[],"class_list":{"0":"post-5285","1":"product","2":"type-product","3":"status-publish","4":"has-post-thumbnail","6":"product_cat-controladores-compactos","7":"desktop-align-left","8":"tablet-align-left","9":"mobile-align-left","11":"first","12":"instock","13":"downloadable","14":"virtual","15":"product-type-simple"},"_links":{"self":[{"href":"https:\/\/supportronics.com\/staging\/wp-json\/wp\/v2\/product\/5285","targetHints":{"allow":["GET"]}}],"collection":[{"href":"https:\/\/supportronics.com\/staging\/wp-json\/wp\/v2\/product"}],"about":[{"href":"https:\/\/supportronics.com\/staging\/wp-json\/wp\/v2\/types\/product"}],"replies":[{"embeddable":true,"href":"https:\/\/supportronics.com\/staging\/wp-json\/wp\/v2\/comments?post=5285"}],"version-history":[{"count":3,"href":"https:\/\/supportronics.com\/staging\/wp-json\/wp\/v2\/product\/5285\/revisions"}],"predecessor-version":[{"id":5601,"href":"https:\/\/supportronics.com\/staging\/wp-json\/wp\/v2\/product\/5285\/revisions\/5601"}],"wp:featuredmedia":[{"embeddable":true,"href":"https:\/\/supportronics.com\/staging\/wp-json\/wp\/v2\/media\/7500"}],"wp:attachment":[{"href":"https:\/\/supportronics.com\/staging\/wp-json\/wp\/v2\/media?parent=5285"}],"wp:term":[{"taxonomy":"product_brand","embeddable":true,"href":"https:\/\/supportronics.com\/staging\/wp-json\/wp\/v2\/product_brand?post=5285"},{"taxonomy":"product_cat","embeddable":true,"href":"https:\/\/supportronics.com\/staging\/wp-json\/wp\/v2\/product_cat?post=5285"},{"taxonomy":"product_tag","embeddable":true,"href":"https:\/\/supportronics.com\/staging\/wp-json\/wp\/v2\/product_tag?post=5285"}],"curies":[{"name":"wp","href":"https:\/\/api.w.org\/{rel}","templated":true}]}}