{"id":5508,"date":"2025-05-02T20:46:01","date_gmt":"2025-05-02T23:46:01","guid":{"rendered":"http:\/\/supportronics.com\/staging\/?post_type=product&#038;p=5508"},"modified":"2025-05-02T20:46:01","modified_gmt":"2025-05-02T23:46:01","slug":"microplex-gateway","status":"publish","type":"product","link":"https:\/\/supportronics.com\/staging\/producto\/microplex-gateway\/","title":{"rendered":"MicroPlex\u00ae Gateway"},"content":{"rendered":"<p><span style=\"font-weight: 400;\">Nuestro MicroPlex\u00ae Gateway es el Gateway m\u00e1s peque\u00f1o de la l\u00ednea de productos MRS, dado su peque\u00f1o tama\u00f1o y f\u00e1cil instalaci\u00f3n, ofrece una amplia gama de aplicaciones. Tiene 12 pines con dos interfaces CAN y LIN, as\u00ed como una interfaz RS232 opcional. El producto se puede entregar como circuito LIN Slave o como circuito LIN Master y es perfecto para espacios de instalaci\u00f3n reducidos.<\/span><\/p>\n<p>&nbsp;<\/p>\n<p><span style=\"font-weight: 400;\">Total inputs and outputs 7 (3 input, 4 I\/O&#8217;s)<\/span><\/p>\n<p><span style=\"font-weight: 400;\">\u00a0Inputs 2 Analog\/Digital Input\u00a0<\/span><\/p>\n<p><span style=\"font-weight: 400;\">Outputs Configurable as: Digital output, PWM output<\/span><\/p>\n<p><span style=\"font-weight: 400;\">Interfaces: 2x CAN-Bus, 2x LIN-Bus 1x RS232<\/span><\/p>\n","protected":false},"excerpt":{"rendered":"<p><span style=\"font-weight: 400;\">Nuestro MicroPlex\u00ae Gateway es el Gateway m\u00e1s peque\u00f1o de la l\u00ednea de productos MRS, dado su peque\u00f1o tama\u00f1o y f\u00e1cil instalaci\u00f3n, ofrece una amplia gama de aplicaciones.<\/span><\/p>\n","protected":false},"featured_media":5509,"comment_status":"open","ping_status":"closed","template":"","meta":{"site-sidebar-layout":"default","site-content-layout":"","ast-site-content-layout":"default","site-content-style":"default","site-sidebar-style":"default","ast-global-header-display":"","ast-banner-title-visibility":"","ast-main-header-display":"","ast-hfb-above-header-display":"","ast-hfb-below-header-display":"","ast-hfb-mobile-header-display":"","site-post-title":"","ast-breadcrumbs-content":"","ast-featured-img":"","footer-sml-layout":"","theme-transparent-header-meta":"default","adv-header-id-meta":"","stick-header-meta":"","header-above-stick-meta":"","header-main-stick-meta":"","header-below-stick-meta":"","astra-migrate-meta-layouts":"set","ast-page-background-enabled":"default","ast-page-background-meta":{"desktop":{"background-color":"","background-image":"","background-repeat":"repeat","background-position":"center center","background-size":"auto","background-attachment":"scroll","background-type":"","background-media":"","overlay-type":"","overlay-color":"","overlay-opacity":"","overlay-gradient":""},"tablet":{"background-color":"","background-image":"","background-repeat":"repeat","background-position":"center center","background-size":"auto","background-attachment":"scroll","background-type":"","background-media":"","overlay-type":"","overlay-color":"","overlay-opacity":"","overlay-gradient":""},"mobile":{"background-color":"","background-image":"","background-repeat":"repeat","background-position":"center center","background-size":"auto","background-attachment":"scroll","background-type":"","background-media":"","overlay-type":"","overlay-color":"","overlay-opacity":"","overlay-gradient":""}},"ast-content-background-meta":{"desktop":{"background-color":"var(--ast-global-color-5)","background-image":"","background-repeat":"repeat","background-position":"center center","background-size":"auto","background-attachment":"scroll","background-type":"","background-media":"","overlay-type":"","overlay-color":"","overlay-opacity":"","overlay-gradient":""},"tablet":{"background-color":"var(--ast-global-color-5)","background-image":"","background-repeat":"repeat","background-position":"center center","background-size":"auto","background-attachment":"scroll","background-type":"","background-media":"","overlay-type":"","overlay-color":"","overlay-opacity":"","overlay-gradient":""},"mobile":{"background-color":"var(--ast-global-color-5)","background-image":"","background-repeat":"repeat","background-position":"center center","background-size":"auto","background-attachment":"scroll","background-type":"","background-media":"","overlay-type":"","overlay-color":"","overlay-opacity":"","overlay-gradient":""}},"_joinchat":[]},"product_brand":[],"product_cat":[70],"product_tag":[],"class_list":{"0":"post-5508","1":"product","2":"type-product","3":"status-publish","4":"has-post-thumbnail","6":"product_cat-gateways","7":"desktop-align-left","8":"tablet-align-left","9":"mobile-align-left","11":"first","12":"instock","13":"downloadable","14":"virtual","15":"product-type-simple"},"_links":{"self":[{"href":"https:\/\/supportronics.com\/staging\/wp-json\/wp\/v2\/product\/5508","targetHints":{"allow":["GET"]}}],"collection":[{"href":"https:\/\/supportronics.com\/staging\/wp-json\/wp\/v2\/product"}],"about":[{"href":"https:\/\/supportronics.com\/staging\/wp-json\/wp\/v2\/types\/product"}],"replies":[{"embeddable":true,"href":"https:\/\/supportronics.com\/staging\/wp-json\/wp\/v2\/comments?post=5508"}],"version-history":[{"count":1,"href":"https:\/\/supportronics.com\/staging\/wp-json\/wp\/v2\/product\/5508\/revisions"}],"predecessor-version":[{"id":5513,"href":"https:\/\/supportronics.com\/staging\/wp-json\/wp\/v2\/product\/5508\/revisions\/5513"}],"wp:featuredmedia":[{"embeddable":true,"href":"https:\/\/supportronics.com\/staging\/wp-json\/wp\/v2\/media\/5509"}],"wp:attachment":[{"href":"https:\/\/supportronics.com\/staging\/wp-json\/wp\/v2\/media?parent=5508"}],"wp:term":[{"taxonomy":"product_brand","embeddable":true,"href":"https:\/\/supportronics.com\/staging\/wp-json\/wp\/v2\/product_brand?post=5508"},{"taxonomy":"product_cat","embeddable":true,"href":"https:\/\/supportronics.com\/staging\/wp-json\/wp\/v2\/product_cat?post=5508"},{"taxonomy":"product_tag","embeddable":true,"href":"https:\/\/supportronics.com\/staging\/wp-json\/wp\/v2\/product_tag?post=5508"}],"curies":[{"name":"wp","href":"https:\/\/api.w.org\/{rel}","templated":true}]}}