{"id":5549,"date":"2025-05-02T21:41:37","date_gmt":"2025-05-03T00:41:37","guid":{"rendered":"http:\/\/supportronics.com\/staging\/?post_type=product&#038;p=5549"},"modified":"2025-05-02T23:50:49","modified_gmt":"2025-05-03T02:50:49","slug":"harvest-series-vehiculos-agricolas","status":"publish","type":"product","link":"https:\/\/supportronics.com\/staging\/producto\/harvest-series-vehiculos-agricolas\/","title":{"rendered":"Harvest Series (Veh\u00edculos Agr\u00edcolas)"},"content":{"rendered":"<p><span style=\"font-weight: 400;\">La serie Harvest establece el est\u00e1ndar para joysticks resistentes y resistentes a la intemperie. Desarrollada como una soluci\u00f3n duradera para el control electr\u00f3nico y construida para soportar las demandas estacionales de las m\u00e1quinas de cosecha agr\u00edcola, la robusta construcci\u00f3n de la serie Harvest est\u00e1 lista para enfrentar los entornos m\u00e1s dif\u00edciles. Sellada a IP67 para manejar desde calor extremo hasta temperaturas fr\u00edas y condiciones h\u00famedas, tambi\u00e9n es reparable en campo para maximizar el tiempo de actividad. \u200b<\/span><\/p>\n<p><span style=\"font-weight: 400;\">\u00a0Rendimiento Duradero<\/span><\/p>\n<p><span style=\"font-weight: 400;\">\u00a0Fabricado con materiales de alta calidad y mano de obra experta, el joystick de la Serie Harvest est\u00e1 dise\u00f1ado para durar, ofreciendo un rendimiento confiable a lo largo de los a\u00f1os. Cuenta con sellado IP67, resiste temperaturas extremas y la humedad, y es f\u00e1cil de mantener en campo, maximizando el tiempo de operaci\u00f3n<\/span><\/p>\n<p>&nbsp;<\/p>\n<p><span style=\"font-weight: 400;\">Control Preciso Con un control suave y preciso sobre el equipo, el joystick de la Serie Harvest ayuda a maximizar la productividad y la eficiencia, incluso en las condiciones desafiantes comunes en el sector agr\u00edcola<\/span><\/p>\n","protected":false},"excerpt":{"rendered":"<p><span style=\"font-weight: 400;\">La serie Harvest establece el est\u00e1ndar para joysticks resistentes y resistentes a la intemperie.\u00a0<\/span><\/p>\n","protected":false},"featured_media":5550,"comment_status":"open","ping_status":"closed","template":"","meta":{"site-sidebar-layout":"default","site-content-layout":"","ast-site-content-layout":"default","site-content-style":"default","site-sidebar-style":"default","ast-global-header-display":"","ast-banner-title-visibility":"","ast-main-header-display":"","ast-hfb-above-header-display":"","ast-hfb-below-header-display":"","ast-hfb-mobile-header-display":"","site-post-title":"","ast-breadcrumbs-content":"","ast-featured-img":"","footer-sml-layout":"","theme-transparent-header-meta":"default","adv-header-id-meta":"","stick-header-meta":"","header-above-stick-meta":"","header-main-stick-meta":"","header-below-stick-meta":"","astra-migrate-meta-layouts":"set","ast-page-background-enabled":"default","ast-page-background-meta":{"desktop":{"background-color":"","background-image":"","background-repeat":"repeat","background-position":"center center","background-size":"auto","background-attachment":"scroll","background-type":"","background-media":"","overlay-type":"","overlay-color":"","overlay-opacity":"","overlay-gradient":""},"tablet":{"background-color":"","background-image":"","background-repeat":"repeat","background-position":"center center","background-size":"auto","background-attachment":"scroll","background-type":"","background-media":"","overlay-type":"","overlay-color":"","overlay-opacity":"","overlay-gradient":""},"mobile":{"background-color":"","background-image":"","background-repeat":"repeat","background-position":"center center","background-size":"auto","background-attachment":"scroll","background-type":"","background-media":"","overlay-type":"","overlay-color":"","overlay-opacity":"","overlay-gradient":""}},"ast-content-background-meta":{"desktop":{"background-color":"var(--ast-global-color-5)","background-image":"","background-repeat":"repeat","background-position":"center center","background-size":"auto","background-attachment":"scroll","background-type":"","background-media":"","overlay-type":"","overlay-color":"","overlay-opacity":"","overlay-gradient":""},"tablet":{"background-color":"var(--ast-global-color-5)","background-image":"","background-repeat":"repeat","background-position":"center center","background-size":"auto","background-attachment":"scroll","background-type":"","background-media":"","overlay-type":"","overlay-color":"","overlay-opacity":"","overlay-gradient":""},"mobile":{"background-color":"var(--ast-global-color-5)","background-image":"","background-repeat":"repeat","background-position":"center center","background-size":"auto","background-attachment":"scroll","background-type":"","background-media":"","overlay-type":"","overlay-color":"","overlay-opacity":"","overlay-gradient":""}},"_joinchat":[]},"product_brand":[],"product_cat":[84],"product_tag":[],"class_list":{"0":"post-5549","1":"product","2":"type-product","3":"status-publish","4":"has-post-thumbnail","6":"product_cat-joysticks-por-industria","7":"desktop-align-left","8":"tablet-align-left","9":"mobile-align-left","11":"first","12":"instock","13":"shipping-taxable","14":"product-type-simple"},"_links":{"self":[{"href":"https:\/\/supportronics.com\/staging\/wp-json\/wp\/v2\/product\/5549","targetHints":{"allow":["GET"]}}],"collection":[{"href":"https:\/\/supportronics.com\/staging\/wp-json\/wp\/v2\/product"}],"about":[{"href":"https:\/\/supportronics.com\/staging\/wp-json\/wp\/v2\/types\/product"}],"replies":[{"embeddable":true,"href":"https:\/\/supportronics.com\/staging\/wp-json\/wp\/v2\/comments?post=5549"}],"version-history":[{"count":3,"href":"https:\/\/supportronics.com\/staging\/wp-json\/wp\/v2\/product\/5549\/revisions"}],"predecessor-version":[{"id":5577,"href":"https:\/\/supportronics.com\/staging\/wp-json\/wp\/v2\/product\/5549\/revisions\/5577"}],"wp:featuredmedia":[{"embeddable":true,"href":"https:\/\/supportronics.com\/staging\/wp-json\/wp\/v2\/media\/5550"}],"wp:attachment":[{"href":"https:\/\/supportronics.com\/staging\/wp-json\/wp\/v2\/media?parent=5549"}],"wp:term":[{"taxonomy":"product_brand","embeddable":true,"href":"https:\/\/supportronics.com\/staging\/wp-json\/wp\/v2\/product_brand?post=5549"},{"taxonomy":"product_cat","embeddable":true,"href":"https:\/\/supportronics.com\/staging\/wp-json\/wp\/v2\/product_cat?post=5549"},{"taxonomy":"product_tag","embeddable":true,"href":"https:\/\/supportronics.com\/staging\/wp-json\/wp\/v2\/product_tag?post=5549"}],"curies":[{"name":"wp","href":"https:\/\/api.w.org\/{rel}","templated":true}]}}