{"id":5552,"date":"2025-05-02T21:42:45","date_gmt":"2025-05-03T00:42:45","guid":{"rendered":"http:\/\/supportronics.com\/staging\/?post_type=product&#038;p=5552"},"modified":"2025-05-02T23:51:40","modified_gmt":"2025-05-03T02:51:40","slug":"precision-series-joysticks-para-manipuladores-telescopicos","status":"publish","type":"product","link":"https:\/\/supportronics.com\/staging\/producto\/precision-series-joysticks-para-manipuladores-telescopicos\/","title":{"rendered":"Precision Series (Joysticks para Manipuladores Telesc\u00f3picos)"},"content":{"rendered":"<p><span style=\"font-weight: 400;\">La serie Precision establece el est\u00e1ndar para controles electr\u00f3nicos en el mercado de manipuladores telesc\u00f3picos, ofreciendo un control suave y preciso del equipo. Cuenta con la combinaci\u00f3n adecuada de botones, deslizadores y balancines adecuados para una amplia gama de dise\u00f1os de manipuladores telesc\u00f3picos. La serie Precision presenta joysticks de alta resoluci\u00f3n y controles en la placa frontal para una colocaci\u00f3n precisa. \u200b<\/span><\/p>\n<p><span style=\"font-weight: 400;\">Los joysticks de la Serie Precision de Sure Grip establecen el est\u00e1ndar en controles electr\u00f3nicos para veh\u00edculos manipuladores telesc\u00f3picos, proporcionando un control suave y preciso del equipo.\u00a0<\/span><\/p>\n<p>&nbsp;<\/p>\n<p><span style=\"font-weight: 400;\">M\u00e1xima Eficiencia para el Operador<\/span><\/p>\n<p><span style=\"font-weight: 400;\">\u00a0Con un mango ergon\u00f3mico y botones que ofrecen un retorno t\u00e1ctil positivo, la Serie Precision cuenta con joysticks de alta resoluci\u00f3n y controles en la placa frontal para una colocaci\u00f3n precisa. Las opciones flexibles de montaje y una base estrecha permiten su uso en una amplia variedad de dise\u00f1os de cabina.<\/span><\/p>\n<p><span style=\"font-weight: 400;\">Rendimiento Duradero y Resistente Los joysticks de la Serie Precision, totalmente sellados y resistentes a impactos, est\u00e1n certificados con grado de protecci\u00f3n IP67. Con un rango de operaci\u00f3n de -40\u00b0C a 85\u00b0C, est\u00e1n dise\u00f1ados para soportar las condiciones m\u00e1s extremas hasta 5 millones de ciclos (20 millones de operaciones).<\/span><\/p>\n","protected":false},"excerpt":{"rendered":"<p><span style=\"font-weight: 400;\">La serie Precision establece el est\u00e1ndar para controles electr\u00f3nicos en el mercado de manipuladores telesc\u00f3picos, ofreciendo un control suave y preciso del equipo.\u00a0<\/span><\/p>\n","protected":false},"featured_media":5553,"comment_status":"open","ping_status":"closed","template":"","meta":{"site-sidebar-layout":"default","site-content-layout":"","ast-site-content-layout":"default","site-content-style":"default","site-sidebar-style":"default","ast-global-header-display":"","ast-banner-title-visibility":"","ast-main-header-display":"","ast-hfb-above-header-display":"","ast-hfb-below-header-display":"","ast-hfb-mobile-header-display":"","site-post-title":"","ast-breadcrumbs-content":"","ast-featured-img":"","footer-sml-layout":"","theme-transparent-header-meta":"default","adv-header-id-meta":"","stick-header-meta":"","header-above-stick-meta":"","header-main-stick-meta":"","header-below-stick-meta":"","astra-migrate-meta-layouts":"set","ast-page-background-enabled":"default","ast-page-background-meta":{"desktop":{"background-color":"","background-image":"","background-repeat":"repeat","background-position":"center center","background-size":"auto","background-attachment":"scroll","background-type":"","background-media":"","overlay-type":"","overlay-color":"","overlay-opacity":"","overlay-gradient":""},"tablet":{"background-color":"","background-image":"","background-repeat":"repeat","background-position":"center center","background-size":"auto","background-attachment":"scroll","background-type":"","background-media":"","overlay-type":"","overlay-color":"","overlay-opacity":"","overlay-gradient":""},"mobile":{"background-color":"","background-image":"","background-repeat":"repeat","background-position":"center center","background-size":"auto","background-attachment":"scroll","background-type":"","background-media":"","overlay-type":"","overlay-color":"","overlay-opacity":"","overlay-gradient":""}},"ast-content-background-meta":{"desktop":{"background-color":"var(--ast-global-color-5)","background-image":"","background-repeat":"repeat","background-position":"center center","background-size":"auto","background-attachment":"scroll","background-type":"","background-media":"","overlay-type":"","overlay-color":"","overlay-opacity":"","overlay-gradient":""},"tablet":{"background-color":"var(--ast-global-color-5)","background-image":"","background-repeat":"repeat","background-position":"center center","background-size":"auto","background-attachment":"scroll","background-type":"","background-media":"","overlay-type":"","overlay-color":"","overlay-opacity":"","overlay-gradient":""},"mobile":{"background-color":"var(--ast-global-color-5)","background-image":"","background-repeat":"repeat","background-position":"center center","background-size":"auto","background-attachment":"scroll","background-type":"","background-media":"","overlay-type":"","overlay-color":"","overlay-opacity":"","overlay-gradient":""}},"_joinchat":[]},"product_brand":[],"product_cat":[84],"product_tag":[],"class_list":{"0":"post-5552","1":"product","2":"type-product","3":"status-publish","4":"has-post-thumbnail","6":"product_cat-joysticks-por-industria","7":"desktop-align-left","8":"tablet-align-left","9":"mobile-align-left","11":"first","12":"instock","13":"shipping-taxable","14":"product-type-simple"},"_links":{"self":[{"href":"https:\/\/supportronics.com\/staging\/wp-json\/wp\/v2\/product\/5552","targetHints":{"allow":["GET"]}}],"collection":[{"href":"https:\/\/supportronics.com\/staging\/wp-json\/wp\/v2\/product"}],"about":[{"href":"https:\/\/supportronics.com\/staging\/wp-json\/wp\/v2\/types\/product"}],"replies":[{"embeddable":true,"href":"https:\/\/supportronics.com\/staging\/wp-json\/wp\/v2\/comments?post=5552"}],"version-history":[{"count":2,"href":"https:\/\/supportronics.com\/staging\/wp-json\/wp\/v2\/product\/5552\/revisions"}],"predecessor-version":[{"id":5575,"href":"https:\/\/supportronics.com\/staging\/wp-json\/wp\/v2\/product\/5552\/revisions\/5575"}],"wp:featuredmedia":[{"embeddable":true,"href":"https:\/\/supportronics.com\/staging\/wp-json\/wp\/v2\/media\/5553"}],"wp:attachment":[{"href":"https:\/\/supportronics.com\/staging\/wp-json\/wp\/v2\/media?parent=5552"}],"wp:term":[{"taxonomy":"product_brand","embeddable":true,"href":"https:\/\/supportronics.com\/staging\/wp-json\/wp\/v2\/product_brand?post=5552"},{"taxonomy":"product_cat","embeddable":true,"href":"https:\/\/supportronics.com\/staging\/wp-json\/wp\/v2\/product_cat?post=5552"},{"taxonomy":"product_tag","embeddable":true,"href":"https:\/\/supportronics.com\/staging\/wp-json\/wp\/v2\/product_tag?post=5552"}],"curies":[{"name":"wp","href":"https:\/\/api.w.org\/{rel}","templated":true}]}}