{"id":5555,"date":"2025-05-02T21:43:47","date_gmt":"2025-05-03T00:43:47","guid":{"rendered":"http:\/\/supportronics.com\/staging\/?post_type=product&#038;p=5555"},"modified":"2025-05-02T21:43:47","modified_gmt":"2025-05-03T00:43:47","slug":"demand-series-joysticks-para-vehiculos-de-recoleccion-de-residuos","status":"publish","type":"product","link":"https:\/\/supportronics.com\/staging\/producto\/demand-series-joysticks-para-vehiculos-de-recoleccion-de-residuos\/","title":{"rendered":"Demand Series (Joysticks para Veh\u00edculos de Recolecci\u00f3n de Residuos)"},"content":{"rendered":"<p><span style=\"font-weight: 400;\">La serie Demand establece el est\u00e1ndar para joysticks personalizados dise\u00f1ados para satisfacer las demandas \u00fanicas de la industria de recolecci\u00f3n de residuos. Sure Grip ha trabajado con l\u00edderes del sector para desarrollar controles optimizados para el entorno hostil que enfrentan estos equipos. Los joysticks Demand permiten la integraci\u00f3n de m\u00faltiples controles como teclados, balancines, joysticks tipo pulgar e interruptores sellados, todo dentro de una soluci\u00f3n robusta, confiable y completamente sellada.<\/span><\/p>\n","protected":false},"excerpt":{"rendered":"<p><span style=\"font-weight: 400;\">La serie Demand establece el est\u00e1ndar para joysticks personalizados dise\u00f1ados para satisfacer las demandas \u00fanicas de la industria de recolecci\u00f3n de residuos.\u00a0<\/span><\/p>\n","protected":false},"featured_media":5556,"comment_status":"open","ping_status":"closed","template":"","meta":{"site-sidebar-layout":"default","site-content-layout":"","ast-site-content-layout":"default","site-content-style":"default","site-sidebar-style":"default","ast-global-header-display":"","ast-banner-title-visibility":"","ast-main-header-display":"","ast-hfb-above-header-display":"","ast-hfb-below-header-display":"","ast-hfb-mobile-header-display":"","site-post-title":"","ast-breadcrumbs-content":"","ast-featured-img":"","footer-sml-layout":"","theme-transparent-header-meta":"default","adv-header-id-meta":"","stick-header-meta":"","header-above-stick-meta":"","header-main-stick-meta":"","header-below-stick-meta":"","astra-migrate-meta-layouts":"set","ast-page-background-enabled":"default","ast-page-background-meta":{"desktop":{"background-color":"","background-image":"","background-repeat":"repeat","background-position":"center center","background-size":"auto","background-attachment":"scroll","background-type":"","background-media":"","overlay-type":"","overlay-color":"","overlay-opacity":"","overlay-gradient":""},"tablet":{"background-color":"","background-image":"","background-repeat":"repeat","background-position":"center center","background-size":"auto","background-attachment":"scroll","background-type":"","background-media":"","overlay-type":"","overlay-color":"","overlay-opacity":"","overlay-gradient":""},"mobile":{"background-color":"","background-image":"","background-repeat":"repeat","background-position":"center center","background-size":"auto","background-attachment":"scroll","background-type":"","background-media":"","overlay-type":"","overlay-color":"","overlay-opacity":"","overlay-gradient":""}},"ast-content-background-meta":{"desktop":{"background-color":"var(--ast-global-color-5)","background-image":"","background-repeat":"repeat","background-position":"center center","background-size":"auto","background-attachment":"scroll","background-type":"","background-media":"","overlay-type":"","overlay-color":"","overlay-opacity":"","overlay-gradient":""},"tablet":{"background-color":"var(--ast-global-color-5)","background-image":"","background-repeat":"repeat","background-position":"center center","background-size":"auto","background-attachment":"scroll","background-type":"","background-media":"","overlay-type":"","overlay-color":"","overlay-opacity":"","overlay-gradient":""},"mobile":{"background-color":"var(--ast-global-color-5)","background-image":"","background-repeat":"repeat","background-position":"center center","background-size":"auto","background-attachment":"scroll","background-type":"","background-media":"","overlay-type":"","overlay-color":"","overlay-opacity":"","overlay-gradient":""}},"_joinchat":[]},"product_brand":[],"product_cat":[84],"product_tag":[],"class_list":{"0":"post-5555","1":"product","2":"type-product","3":"status-publish","4":"has-post-thumbnail","6":"product_cat-joysticks-por-industria","7":"desktop-align-left","8":"tablet-align-left","9":"mobile-align-left","11":"first","12":"instock","13":"shipping-taxable","14":"product-type-simple"},"_links":{"self":[{"href":"https:\/\/supportronics.com\/staging\/wp-json\/wp\/v2\/product\/5555","targetHints":{"allow":["GET"]}}],"collection":[{"href":"https:\/\/supportronics.com\/staging\/wp-json\/wp\/v2\/product"}],"about":[{"href":"https:\/\/supportronics.com\/staging\/wp-json\/wp\/v2\/types\/product"}],"replies":[{"embeddable":true,"href":"https:\/\/supportronics.com\/staging\/wp-json\/wp\/v2\/comments?post=5555"}],"version-history":[{"count":1,"href":"https:\/\/supportronics.com\/staging\/wp-json\/wp\/v2\/product\/5555\/revisions"}],"predecessor-version":[{"id":5557,"href":"https:\/\/supportronics.com\/staging\/wp-json\/wp\/v2\/product\/5555\/revisions\/5557"}],"wp:featuredmedia":[{"embeddable":true,"href":"https:\/\/supportronics.com\/staging\/wp-json\/wp\/v2\/media\/5556"}],"wp:attachment":[{"href":"https:\/\/supportronics.com\/staging\/wp-json\/wp\/v2\/media?parent=5555"}],"wp:term":[{"taxonomy":"product_brand","embeddable":true,"href":"https:\/\/supportronics.com\/staging\/wp-json\/wp\/v2\/product_brand?post=5555"},{"taxonomy":"product_cat","embeddable":true,"href":"https:\/\/supportronics.com\/staging\/wp-json\/wp\/v2\/product_cat?post=5555"},{"taxonomy":"product_tag","embeddable":true,"href":"https:\/\/supportronics.com\/staging\/wp-json\/wp\/v2\/product_tag?post=5555"}],"curies":[{"name":"wp","href":"https:\/\/api.w.org\/{rel}","templated":true}]}}