{"id":5558,"date":"2025-05-02T21:44:42","date_gmt":"2025-05-03T00:44:42","guid":{"rendered":"http:\/\/supportronics.com\/staging\/?post_type=product&#038;p=5558"},"modified":"2025-05-02T21:44:42","modified_gmt":"2025-05-03T00:44:42","slug":"endurance-series-joysticks-para-equipos-de-movimiento-de-tierra","status":"publish","type":"product","link":"https:\/\/supportronics.com\/staging\/producto\/endurance-series-joysticks-para-equipos-de-movimiento-de-tierra\/","title":{"rendered":"Endurance Series (Joysticks para Equipos de Movimiento de Tierra)"},"content":{"rendered":"<p><span style=\"font-weight: 400;\">La serie Endurance est\u00e1 dise\u00f1ada para soportar las condiciones m\u00e1s duras en la industria de movimiento de tierra. Desde minicargadoras hasta retroexcavadoras, esta serie est\u00e1 construida para soportar vibraciones intensas, humedad y temperaturas extremas. La serie Endurance combina un dise\u00f1o robusto con controles ergon\u00f3micos y una construcci\u00f3n completamente sellada para ofrecer una soluci\u00f3n de control confiable y de larga duraci\u00f3n para aplicaciones exigentes.<\/span><span style=\"font-weight: 400;\"><br \/>\n<\/span><span style=\"font-weight: 400;\"><br \/>\n<\/span><\/p>\n","protected":false},"excerpt":{"rendered":"<p><span style=\"font-weight: 400;\">La serie Endurance est\u00e1 dise\u00f1ada para soportar las condiciones m\u00e1s duras en la industria de movimiento de tierra.<\/span><span style=\"font-weight: 400;\"><br \/>\n<\/span><span style=\"font-weight: 400;\"><br \/>\n<\/span><\/p>\n","protected":false},"featured_media":5559,"comment_status":"open","ping_status":"closed","template":"","meta":{"site-sidebar-layout":"default","site-content-layout":"","ast-site-content-layout":"default","site-content-style":"default","site-sidebar-style":"default","ast-global-header-display":"","ast-banner-title-visibility":"","ast-main-header-display":"","ast-hfb-above-header-display":"","ast-hfb-below-header-display":"","ast-hfb-mobile-header-display":"","site-post-title":"","ast-breadcrumbs-content":"","ast-featured-img":"","footer-sml-layout":"","theme-transparent-header-meta":"default","adv-header-id-meta":"","stick-header-meta":"","header-above-stick-meta":"","header-main-stick-meta":"","header-below-stick-meta":"","astra-migrate-meta-layouts":"set","ast-page-background-enabled":"default","ast-page-background-meta":{"desktop":{"background-color":"","background-image":"","background-repeat":"repeat","background-position":"center center","background-size":"auto","background-attachment":"scroll","background-type":"","background-media":"","overlay-type":"","overlay-color":"","overlay-opacity":"","overlay-gradient":""},"tablet":{"background-color":"","background-image":"","background-repeat":"repeat","background-position":"center center","background-size":"auto","background-attachment":"scroll","background-type":"","background-media":"","overlay-type":"","overlay-color":"","overlay-opacity":"","overlay-gradient":""},"mobile":{"background-color":"","background-image":"","background-repeat":"repeat","background-position":"center center","background-size":"auto","background-attachment":"scroll","background-type":"","background-media":"","overlay-type":"","overlay-color":"","overlay-opacity":"","overlay-gradient":""}},"ast-content-background-meta":{"desktop":{"background-color":"var(--ast-global-color-5)","background-image":"","background-repeat":"repeat","background-position":"center center","background-size":"auto","background-attachment":"scroll","background-type":"","background-media":"","overlay-type":"","overlay-color":"","overlay-opacity":"","overlay-gradient":""},"tablet":{"background-color":"var(--ast-global-color-5)","background-image":"","background-repeat":"repeat","background-position":"center center","background-size":"auto","background-attachment":"scroll","background-type":"","background-media":"","overlay-type":"","overlay-color":"","overlay-opacity":"","overlay-gradient":""},"mobile":{"background-color":"var(--ast-global-color-5)","background-image":"","background-repeat":"repeat","background-position":"center center","background-size":"auto","background-attachment":"scroll","background-type":"","background-media":"","overlay-type":"","overlay-color":"","overlay-opacity":"","overlay-gradient":""}},"_joinchat":[]},"product_brand":[],"product_cat":[84],"product_tag":[],"class_list":{"0":"post-5558","1":"product","2":"type-product","3":"status-publish","4":"has-post-thumbnail","6":"product_cat-joysticks-por-industria","7":"desktop-align-left","8":"tablet-align-left","9":"mobile-align-left","11":"first","12":"instock","13":"shipping-taxable","14":"product-type-simple"},"_links":{"self":[{"href":"https:\/\/supportronics.com\/staging\/wp-json\/wp\/v2\/product\/5558","targetHints":{"allow":["GET"]}}],"collection":[{"href":"https:\/\/supportronics.com\/staging\/wp-json\/wp\/v2\/product"}],"about":[{"href":"https:\/\/supportronics.com\/staging\/wp-json\/wp\/v2\/types\/product"}],"replies":[{"embeddable":true,"href":"https:\/\/supportronics.com\/staging\/wp-json\/wp\/v2\/comments?post=5558"}],"version-history":[{"count":1,"href":"https:\/\/supportronics.com\/staging\/wp-json\/wp\/v2\/product\/5558\/revisions"}],"predecessor-version":[{"id":5560,"href":"https:\/\/supportronics.com\/staging\/wp-json\/wp\/v2\/product\/5558\/revisions\/5560"}],"wp:featuredmedia":[{"embeddable":true,"href":"https:\/\/supportronics.com\/staging\/wp-json\/wp\/v2\/media\/5559"}],"wp:attachment":[{"href":"https:\/\/supportronics.com\/staging\/wp-json\/wp\/v2\/media?parent=5558"}],"wp:term":[{"taxonomy":"product_brand","embeddable":true,"href":"https:\/\/supportronics.com\/staging\/wp-json\/wp\/v2\/product_brand?post=5558"},{"taxonomy":"product_cat","embeddable":true,"href":"https:\/\/supportronics.com\/staging\/wp-json\/wp\/v2\/product_cat?post=5558"},{"taxonomy":"product_tag","embeddable":true,"href":"https:\/\/supportronics.com\/staging\/wp-json\/wp\/v2\/product_tag?post=5558"}],"curies":[{"name":"wp","href":"https:\/\/api.w.org\/{rel}","templated":true}]}}