{"id":5561,"date":"2025-05-02T23:40:49","date_gmt":"2025-05-03T02:40:49","guid":{"rendered":"http:\/\/supportronics.com\/staging\/?post_type=product&#038;p=5561"},"modified":"2025-05-02T23:40:49","modified_gmt":"2025-05-03T02:40:49","slug":"lu-handle-empunadura-grande-para-aplicaciones-extremas","status":"publish","type":"product","link":"https:\/\/supportronics.com\/staging\/producto\/lu-handle-empunadura-grande-para-aplicaciones-extremas\/","title":{"rendered":"LU Handle (Empu\u00f1adura Grande para Aplicaciones Extremas)"},"content":{"rendered":"<p><span style=\"font-weight: 400;\">La empu\u00f1adura de la serie LU de Sure Grip es una empu\u00f1adura de gran tama\u00f1o com\u00fanmente utilizada en maquinaria para forestaci\u00f3n, miner\u00eda y construcci\u00f3n. Est\u00e1 dise\u00f1ada para ofrecer hasta 8 interruptores en la placa frontal, as\u00ed como la opci\u00f3n de hasta 2 interruptores de gatillo o una palanca de presencia del operador. Se puede instalar un teclado adicional en el lado izquierdo o derecho con hasta 10 botones adicionales. Las carcasas est\u00e1n moldeadas con pol\u00edmero pl\u00e1stico de alto impacto en una forma ergon\u00f3mica que proporciona una empu\u00f1adura liviana, robusta y adecuada para aplicaciones de trabajo extremo. Los interruptores est\u00e1ndar de Sure Grip est\u00e1n cubiertos con un dise\u00f1o patentado que los protege de la suciedad y la humedad.<\/span><\/p>\n","protected":false},"excerpt":{"rendered":"<p><span style=\"font-weight: 400;\">La empu\u00f1adura de la serie LU de Sure Grip es una empu\u00f1adura de gran tama\u00f1o com\u00fanmente utilizada en maquinaria para forestaci\u00f3n, miner\u00eda y construcci\u00f3n.<\/span><\/p>\n","protected":false},"featured_media":5562,"comment_status":"open","ping_status":"closed","template":"","meta":{"site-sidebar-layout":"default","site-content-layout":"","ast-site-content-layout":"default","site-content-style":"default","site-sidebar-style":"default","ast-global-header-display":"","ast-banner-title-visibility":"","ast-main-header-display":"","ast-hfb-above-header-display":"","ast-hfb-below-header-display":"","ast-hfb-mobile-header-display":"","site-post-title":"","ast-breadcrumbs-content":"","ast-featured-img":"","footer-sml-layout":"","theme-transparent-header-meta":"default","adv-header-id-meta":"","stick-header-meta":"","header-above-stick-meta":"","header-main-stick-meta":"","header-below-stick-meta":"","astra-migrate-meta-layouts":"set","ast-page-background-enabled":"default","ast-page-background-meta":{"desktop":{"background-color":"","background-image":"","background-repeat":"repeat","background-position":"center center","background-size":"auto","background-attachment":"scroll","background-type":"","background-media":"","overlay-type":"","overlay-color":"","overlay-opacity":"","overlay-gradient":""},"tablet":{"background-color":"","background-image":"","background-repeat":"repeat","background-position":"center center","background-size":"auto","background-attachment":"scroll","background-type":"","background-media":"","overlay-type":"","overlay-color":"","overlay-opacity":"","overlay-gradient":""},"mobile":{"background-color":"","background-image":"","background-repeat":"repeat","background-position":"center center","background-size":"auto","background-attachment":"scroll","background-type":"","background-media":"","overlay-type":"","overlay-color":"","overlay-opacity":"","overlay-gradient":""}},"ast-content-background-meta":{"desktop":{"background-color":"var(--ast-global-color-5)","background-image":"","background-repeat":"repeat","background-position":"center center","background-size":"auto","background-attachment":"scroll","background-type":"","background-media":"","overlay-type":"","overlay-color":"","overlay-opacity":"","overlay-gradient":""},"tablet":{"background-color":"var(--ast-global-color-5)","background-image":"","background-repeat":"repeat","background-position":"center center","background-size":"auto","background-attachment":"scroll","background-type":"","background-media":"","overlay-type":"","overlay-color":"","overlay-opacity":"","overlay-gradient":""},"mobile":{"background-color":"var(--ast-global-color-5)","background-image":"","background-repeat":"repeat","background-position":"center center","background-size":"auto","background-attachment":"scroll","background-type":"","background-media":"","overlay-type":"","overlay-color":"","overlay-opacity":"","overlay-gradient":""}},"_joinchat":[]},"product_brand":[],"product_cat":[85],"product_tag":[],"class_list":{"0":"post-5561","1":"product","2":"type-product","3":"status-publish","4":"has-post-thumbnail","6":"product_cat-universal-handles","7":"desktop-align-left","8":"tablet-align-left","9":"mobile-align-left","11":"first","12":"instock","13":"shipping-taxable","14":"product-type-simple"},"_links":{"self":[{"href":"https:\/\/supportronics.com\/staging\/wp-json\/wp\/v2\/product\/5561","targetHints":{"allow":["GET"]}}],"collection":[{"href":"https:\/\/supportronics.com\/staging\/wp-json\/wp\/v2\/product"}],"about":[{"href":"https:\/\/supportronics.com\/staging\/wp-json\/wp\/v2\/types\/product"}],"replies":[{"embeddable":true,"href":"https:\/\/supportronics.com\/staging\/wp-json\/wp\/v2\/comments?post=5561"}],"version-history":[{"count":1,"href":"https:\/\/supportronics.com\/staging\/wp-json\/wp\/v2\/product\/5561\/revisions"}],"predecessor-version":[{"id":5563,"href":"https:\/\/supportronics.com\/staging\/wp-json\/wp\/v2\/product\/5561\/revisions\/5563"}],"wp:featuredmedia":[{"embeddable":true,"href":"https:\/\/supportronics.com\/staging\/wp-json\/wp\/v2\/media\/5562"}],"wp:attachment":[{"href":"https:\/\/supportronics.com\/staging\/wp-json\/wp\/v2\/media?parent=5561"}],"wp:term":[{"taxonomy":"product_brand","embeddable":true,"href":"https:\/\/supportronics.com\/staging\/wp-json\/wp\/v2\/product_brand?post=5561"},{"taxonomy":"product_cat","embeddable":true,"href":"https:\/\/supportronics.com\/staging\/wp-json\/wp\/v2\/product_cat?post=5561"},{"taxonomy":"product_tag","embeddable":true,"href":"https:\/\/supportronics.com\/staging\/wp-json\/wp\/v2\/product_tag?post=5561"}],"curies":[{"name":"wp","href":"https:\/\/api.w.org\/{rel}","templated":true}]}}