{"id":5570,"date":"2025-05-02T23:44:16","date_gmt":"2025-05-03T02:44:16","guid":{"rendered":"http:\/\/supportronics.com\/staging\/?post_type=product&#038;p=5570"},"modified":"2025-05-02T23:44:16","modified_gmt":"2025-05-03T02:44:16","slug":"au-handle-empunadura-compacta-para-accesorios-de-equipos","status":"publish","type":"product","link":"https:\/\/supportronics.com\/staging\/producto\/au-handle-empunadura-compacta-para-accesorios-de-equipos\/","title":{"rendered":"AU Handle (Empu\u00f1adura Compacta para Accesorios de Equipos)"},"content":{"rendered":"<p><span style=\"font-weight: 400;\">La empu\u00f1adura AU est\u00e1 dise\u00f1ada para ofrecer m\u00e1xima comodidad al operador, manteniendo facilidad y flexibilidad para aplicaciones con accesorios como palas quitanieves, garfios y otros implementos de tractor. Tambi\u00e9n se utiliza como empu\u00f1adura de reemplazo o en aplicaciones OEM. Ofrece hasta 4 interruptores o dos funciones proporcionales en la placa frontal. Su carcasa moldeada de pol\u00edmero de alto impacto garantiza una empu\u00f1adura liviana, ergon\u00f3mica y resistente a condiciones extremas. Incluye protecci\u00f3n patentada contra suciedad y humedad.<\/span><\/p>\n","protected":false},"excerpt":{"rendered":"<p><span style=\"font-weight: 400;\">La empu\u00f1adura AU est\u00e1 dise\u00f1ada para ofrecer m\u00e1xima comodidad al operador, manteniendo facilidad y flexibilidad para aplicaciones con accesorios como palas quitanieves, garfios y otros implementos de tractor. Tambi\u00e9n se utiliza como empu\u00f1adura de reemplazo o en aplicaciones OEM. Ofrece hasta 4 interruptores o dos funciones proporcionales en la placa frontal. Su carcasa moldeada de pol\u00edmero de alto impacto garantiza una empu\u00f1adura liviana, ergon\u00f3mica y resistente a condiciones extremas. Incluye protecci\u00f3n patentada contra suciedad y humedad.<\/span><\/p>\n","protected":false},"featured_media":5571,"comment_status":"open","ping_status":"closed","template":"","meta":{"site-sidebar-layout":"default","site-content-layout":"","ast-site-content-layout":"default","site-content-style":"default","site-sidebar-style":"default","ast-global-header-display":"","ast-banner-title-visibility":"","ast-main-header-display":"","ast-hfb-above-header-display":"","ast-hfb-below-header-display":"","ast-hfb-mobile-header-display":"","site-post-title":"","ast-breadcrumbs-content":"","ast-featured-img":"","footer-sml-layout":"","theme-transparent-header-meta":"default","adv-header-id-meta":"","stick-header-meta":"","header-above-stick-meta":"","header-main-stick-meta":"","header-below-stick-meta":"","astra-migrate-meta-layouts":"set","ast-page-background-enabled":"default","ast-page-background-meta":{"desktop":{"background-color":"","background-image":"","background-repeat":"repeat","background-position":"center center","background-size":"auto","background-attachment":"scroll","background-type":"","background-media":"","overlay-type":"","overlay-color":"","overlay-opacity":"","overlay-gradient":""},"tablet":{"background-color":"","background-image":"","background-repeat":"repeat","background-position":"center center","background-size":"auto","background-attachment":"scroll","background-type":"","background-media":"","overlay-type":"","overlay-color":"","overlay-opacity":"","overlay-gradient":""},"mobile":{"background-color":"","background-image":"","background-repeat":"repeat","background-position":"center center","background-size":"auto","background-attachment":"scroll","background-type":"","background-media":"","overlay-type":"","overlay-color":"","overlay-opacity":"","overlay-gradient":""}},"ast-content-background-meta":{"desktop":{"background-color":"var(--ast-global-color-5)","background-image":"","background-repeat":"repeat","background-position":"center center","background-size":"auto","background-attachment":"scroll","background-type":"","background-media":"","overlay-type":"","overlay-color":"","overlay-opacity":"","overlay-gradient":""},"tablet":{"background-color":"var(--ast-global-color-5)","background-image":"","background-repeat":"repeat","background-position":"center center","background-size":"auto","background-attachment":"scroll","background-type":"","background-media":"","overlay-type":"","overlay-color":"","overlay-opacity":"","overlay-gradient":""},"mobile":{"background-color":"var(--ast-global-color-5)","background-image":"","background-repeat":"repeat","background-position":"center center","background-size":"auto","background-attachment":"scroll","background-type":"","background-media":"","overlay-type":"","overlay-color":"","overlay-opacity":"","overlay-gradient":""}},"_joinchat":[]},"product_brand":[],"product_cat":[85],"product_tag":[],"class_list":{"0":"post-5570","1":"product","2":"type-product","3":"status-publish","4":"has-post-thumbnail","6":"product_cat-universal-handles","7":"desktop-align-left","8":"tablet-align-left","9":"mobile-align-left","11":"first","12":"instock","13":"shipping-taxable","14":"product-type-simple"},"_links":{"self":[{"href":"https:\/\/supportronics.com\/staging\/wp-json\/wp\/v2\/product\/5570","targetHints":{"allow":["GET"]}}],"collection":[{"href":"https:\/\/supportronics.com\/staging\/wp-json\/wp\/v2\/product"}],"about":[{"href":"https:\/\/supportronics.com\/staging\/wp-json\/wp\/v2\/types\/product"}],"replies":[{"embeddable":true,"href":"https:\/\/supportronics.com\/staging\/wp-json\/wp\/v2\/comments?post=5570"}],"version-history":[{"count":1,"href":"https:\/\/supportronics.com\/staging\/wp-json\/wp\/v2\/product\/5570\/revisions"}],"predecessor-version":[{"id":5572,"href":"https:\/\/supportronics.com\/staging\/wp-json\/wp\/v2\/product\/5570\/revisions\/5572"}],"wp:featuredmedia":[{"embeddable":true,"href":"https:\/\/supportronics.com\/staging\/wp-json\/wp\/v2\/media\/5571"}],"wp:attachment":[{"href":"https:\/\/supportronics.com\/staging\/wp-json\/wp\/v2\/media?parent=5570"}],"wp:term":[{"taxonomy":"product_brand","embeddable":true,"href":"https:\/\/supportronics.com\/staging\/wp-json\/wp\/v2\/product_brand?post=5570"},{"taxonomy":"product_cat","embeddable":true,"href":"https:\/\/supportronics.com\/staging\/wp-json\/wp\/v2\/product_cat?post=5570"},{"taxonomy":"product_tag","embeddable":true,"href":"https:\/\/supportronics.com\/staging\/wp-json\/wp\/v2\/product_tag?post=5570"}],"curies":[{"name":"wp","href":"https:\/\/api.w.org\/{rel}","templated":true}]}}