{"id":5633,"date":"2025-05-14T08:25:50","date_gmt":"2025-05-14T11:25:50","guid":{"rendered":"http:\/\/supportronics.com\/staging\/?post_type=product&#038;p=5633"},"modified":"2025-05-14T10:58:36","modified_gmt":"2025-05-14T13:58:36","slug":"bcx-4cs-ag","status":"publish","type":"product","link":"https:\/\/supportronics.com\/staging\/producto\/bcx-4cs-ag\/","title":{"rendered":"BCX.4cs-ag"},"content":{"rendered":"<p>El BCX.4cs-ag est\u00e1 dise\u00f1ado como una unidad de control central a bordo para implementos agr\u00edcolas con y sin ISOBUS. Se encarga de la protecci\u00f3n, distribuci\u00f3n, conmutaci\u00f3n y control de la energ\u00eda el\u00e9ctrica de estos implementos.<\/p>\n<p>Gracias al hardware ISOBUS certificado, el funcionamiento con ISOBUS es totalmente compatible. Alternativamente, el BCX.4cs-ag puede manejarse a trav\u00e9s de una pantalla independiente.<\/p>\n<p>Adem\u00e1s de proteger los circuitos individuales, tambi\u00e9n se pueden conmutar o controlar directamente cargas m\u00e1s grandes, como luces y motores. Dispone de entradas multifuncionales configurables por software para leer se\u00f1ales en el implemento.<\/p>\n<p>El BCX.4cs-ag integra el sistema el\u00e9ctrico central y el control del implemento en un solo dispositivo. Esto lo conseguimos combinando nuestra experiencia en el desarrollo de sistemas el\u00e9ctricos centrales con nuestros muchos a\u00f1os de experiencia en el desarrollo y la producci\u00f3n en serie de electr\u00f3nica de control. Esto nos permite ofrecer unidades de control de alimentaci\u00f3n a bordo que cumplen con todos los requisitos de rendimiento y calidad. Gracias al uso de m\u00f3dulos de eficacia probada, el nuevo producto es compatible con nuestra gama de productos y nuestra cadena de herramientas. Para el usuario, esto significa el uso del conocimiento en diferentes niveles funcionales.<\/p>\n","protected":false},"excerpt":{"rendered":"<p>El BCX.4cs-ag est\u00e1 dise\u00f1ado como una unidad de control central a bordo para implementos agr\u00edcolas con y sin ISOBUS. Se encarga de la protecci\u00f3n, distribuci\u00f3n, conmutaci\u00f3n y control de la energ\u00eda el\u00e9ctrica de estos implementos.<\/p>\n","protected":false},"featured_media":5636,"comment_status":"open","ping_status":"closed","template":"","meta":{"site-sidebar-layout":"default","site-content-layout":"","ast-site-content-layout":"default","site-content-style":"default","site-sidebar-style":"default","ast-global-header-display":"","ast-banner-title-visibility":"","ast-main-header-display":"","ast-hfb-above-header-display":"","ast-hfb-below-header-display":"","ast-hfb-mobile-header-display":"","site-post-title":"","ast-breadcrumbs-content":"","ast-featured-img":"","footer-sml-layout":"","theme-transparent-header-meta":"default","adv-header-id-meta":"","stick-header-meta":"","header-above-stick-meta":"","header-main-stick-meta":"","header-below-stick-meta":"","astra-migrate-meta-layouts":"set","ast-page-background-enabled":"default","ast-page-background-meta":{"desktop":{"background-color":"","background-image":"","background-repeat":"repeat","background-position":"center center","background-size":"auto","background-attachment":"scroll","background-type":"","background-media":"","overlay-type":"","overlay-color":"","overlay-opacity":"","overlay-gradient":""},"tablet":{"background-color":"","background-image":"","background-repeat":"repeat","background-position":"center center","background-size":"auto","background-attachment":"scroll","background-type":"","background-media":"","overlay-type":"","overlay-color":"","overlay-opacity":"","overlay-gradient":""},"mobile":{"background-color":"","background-image":"","background-repeat":"repeat","background-position":"center center","background-size":"auto","background-attachment":"scroll","background-type":"","background-media":"","overlay-type":"","overlay-color":"","overlay-opacity":"","overlay-gradient":""}},"ast-content-background-meta":{"desktop":{"background-color":"var(--ast-global-color-5)","background-image":"","background-repeat":"repeat","background-position":"center center","background-size":"auto","background-attachment":"scroll","background-type":"","background-media":"","overlay-type":"","overlay-color":"","overlay-opacity":"","overlay-gradient":""},"tablet":{"background-color":"var(--ast-global-color-5)","background-image":"","background-repeat":"repeat","background-position":"center center","background-size":"auto","background-attachment":"scroll","background-type":"","background-media":"","overlay-type":"","overlay-color":"","overlay-opacity":"","overlay-gradient":""},"mobile":{"background-color":"var(--ast-global-color-5)","background-image":"","background-repeat":"repeat","background-position":"center center","background-size":"auto","background-attachment":"scroll","background-type":"","background-media":"","overlay-type":"","overlay-color":"","overlay-opacity":"","overlay-gradient":""}},"_joinchat":[]},"product_brand":[],"product_cat":[71],"product_tag":[],"class_list":{"0":"post-5633","1":"product","2":"type-product","3":"status-publish","4":"has-post-thumbnail","6":"product_cat-power-distribution","7":"desktop-align-left","8":"tablet-align-left","9":"mobile-align-left","11":"first","12":"instock","13":"downloadable","14":"virtual","15":"product-type-simple"},"_links":{"self":[{"href":"https:\/\/supportronics.com\/staging\/wp-json\/wp\/v2\/product\/5633","targetHints":{"allow":["GET"]}}],"collection":[{"href":"https:\/\/supportronics.com\/staging\/wp-json\/wp\/v2\/product"}],"about":[{"href":"https:\/\/supportronics.com\/staging\/wp-json\/wp\/v2\/types\/product"}],"replies":[{"embeddable":true,"href":"https:\/\/supportronics.com\/staging\/wp-json\/wp\/v2\/comments?post=5633"}],"version-history":[{"count":1,"href":"https:\/\/supportronics.com\/staging\/wp-json\/wp\/v2\/product\/5633\/revisions"}],"predecessor-version":[{"id":5637,"href":"https:\/\/supportronics.com\/staging\/wp-json\/wp\/v2\/product\/5633\/revisions\/5637"}],"wp:featuredmedia":[{"embeddable":true,"href":"https:\/\/supportronics.com\/staging\/wp-json\/wp\/v2\/media\/5636"}],"wp:attachment":[{"href":"https:\/\/supportronics.com\/staging\/wp-json\/wp\/v2\/media?parent=5633"}],"wp:term":[{"taxonomy":"product_brand","embeddable":true,"href":"https:\/\/supportronics.com\/staging\/wp-json\/wp\/v2\/product_brand?post=5633"},{"taxonomy":"product_cat","embeddable":true,"href":"https:\/\/supportronics.com\/staging\/wp-json\/wp\/v2\/product_cat?post=5633"},{"taxonomy":"product_tag","embeddable":true,"href":"https:\/\/supportronics.com\/staging\/wp-json\/wp\/v2\/product_tag?post=5633"}],"curies":[{"name":"wp","href":"https:\/\/api.w.org\/{rel}","templated":true}]}}