{"id":6287,"date":"2025-05-27T10:12:46","date_gmt":"2025-05-27T13:12:46","guid":{"rendered":"http:\/\/supportronics.com\/staging\/?post_type=product&#038;p=6287"},"modified":"2025-05-27T10:20:54","modified_gmt":"2025-05-27T13:20:54","slug":"apoya-brazo-ergonomico-para-cabina-de-maquinaria-tamano-pequeno","status":"publish","type":"product","link":"https:\/\/supportronics.com\/staging\/producto\/apoya-brazo-ergonomico-para-cabina-de-maquinaria-tamano-pequeno\/","title":{"rendered":"Apoya brazo ergon\u00f3mico para cabina de maquinaria. Tama\u00f1o peque\u00f1o."},"content":{"rendered":"<p data-start=\"94\" data-end=\"468\"><strong data-start=\"94\" data-end=\"239\">Apoyabrazos multifunci\u00f3n ajustable en altura y longitudinalmente, adaptable a todo tipo de asientos mediante una placa de fijaci\u00f3n especial.<\/strong><br data-start=\"239\" data-end=\"242\" \/>El producto ha sido desarrollado teniendo en cuenta las necesidades del mercado en t\u00e9rminos de ergonom\u00eda, donde los mandos de control de la m\u00e1quina deben estar posicionados seg\u00fan criterios que garanticen comodidad y seguridad.<\/p>\n<p data-start=\"470\" data-end=\"708\"><strong data-start=\"470\" data-end=\"708\">La elecci\u00f3n de los componentes se realiza conforme a los requerimientos de los clientes, con la posibilidad de personalizar las placas de aluminio con colores y logotipos del fabricante, incluso para vol\u00famenes de producci\u00f3n reducidos.<\/strong><\/p>\n","protected":false},"excerpt":{"rendered":"<p><strong data-start=\"94\" data-end=\"239\">Apoyabrazos multifunci\u00f3n ajustable en altura y longitudinalmente, adaptable a todo tipo de asientos mediante una placa de fijaci\u00f3n especial.<\/strong><\/p>\n","protected":false},"featured_media":6292,"comment_status":"open","ping_status":"closed","template":"","meta":{"site-sidebar-layout":"default","site-content-layout":"","ast-site-content-layout":"default","site-content-style":"default","site-sidebar-style":"default","ast-global-header-display":"","ast-banner-title-visibility":"","ast-main-header-display":"","ast-hfb-above-header-display":"","ast-hfb-below-header-display":"","ast-hfb-mobile-header-display":"","site-post-title":"","ast-breadcrumbs-content":"","ast-featured-img":"","footer-sml-layout":"","theme-transparent-header-meta":"default","adv-header-id-meta":"","stick-header-meta":"","header-above-stick-meta":"","header-main-stick-meta":"","header-below-stick-meta":"","astra-migrate-meta-layouts":"set","ast-page-background-enabled":"default","ast-page-background-meta":{"desktop":{"background-color":"","background-image":"","background-repeat":"repeat","background-position":"center center","background-size":"auto","background-attachment":"scroll","background-type":"","background-media":"","overlay-type":"","overlay-color":"","overlay-opacity":"","overlay-gradient":""},"tablet":{"background-color":"","background-image":"","background-repeat":"repeat","background-position":"center center","background-size":"auto","background-attachment":"scroll","background-type":"","background-media":"","overlay-type":"","overlay-color":"","overlay-opacity":"","overlay-gradient":""},"mobile":{"background-color":"","background-image":"","background-repeat":"repeat","background-position":"center center","background-size":"auto","background-attachment":"scroll","background-type":"","background-media":"","overlay-type":"","overlay-color":"","overlay-opacity":"","overlay-gradient":""}},"ast-content-background-meta":{"desktop":{"background-color":"var(--ast-global-color-5)","background-image":"","background-repeat":"repeat","background-position":"center center","background-size":"auto","background-attachment":"scroll","background-type":"","background-media":"","overlay-type":"","overlay-color":"","overlay-opacity":"","overlay-gradient":""},"tablet":{"background-color":"var(--ast-global-color-5)","background-image":"","background-repeat":"repeat","background-position":"center center","background-size":"auto","background-attachment":"scroll","background-type":"","background-media":"","overlay-type":"","overlay-color":"","overlay-opacity":"","overlay-gradient":""},"mobile":{"background-color":"var(--ast-global-color-5)","background-image":"","background-repeat":"repeat","background-position":"center center","background-size":"auto","background-attachment":"scroll","background-type":"","background-media":"","overlay-type":"","overlay-color":"","overlay-opacity":"","overlay-gradient":""}},"_joinchat":[]},"product_brand":[],"product_cat":[98],"product_tag":[],"class_list":{"0":"post-6287","1":"product","2":"type-product","3":"status-publish","4":"has-post-thumbnail","6":"product_cat-componentes-para-cabina","7":"desktop-align-left","8":"tablet-align-left","9":"mobile-align-left","11":"first","12":"instock","13":"downloadable","14":"virtual","15":"product-type-simple"},"_links":{"self":[{"href":"https:\/\/supportronics.com\/staging\/wp-json\/wp\/v2\/product\/6287","targetHints":{"allow":["GET"]}}],"collection":[{"href":"https:\/\/supportronics.com\/staging\/wp-json\/wp\/v2\/product"}],"about":[{"href":"https:\/\/supportronics.com\/staging\/wp-json\/wp\/v2\/types\/product"}],"replies":[{"embeddable":true,"href":"https:\/\/supportronics.com\/staging\/wp-json\/wp\/v2\/comments?post=6287"}],"version-history":[{"count":2,"href":"https:\/\/supportronics.com\/staging\/wp-json\/wp\/v2\/product\/6287\/revisions"}],"predecessor-version":[{"id":6290,"href":"https:\/\/supportronics.com\/staging\/wp-json\/wp\/v2\/product\/6287\/revisions\/6290"}],"wp:featuredmedia":[{"embeddable":true,"href":"https:\/\/supportronics.com\/staging\/wp-json\/wp\/v2\/media\/6292"}],"wp:attachment":[{"href":"https:\/\/supportronics.com\/staging\/wp-json\/wp\/v2\/media?parent=6287"}],"wp:term":[{"taxonomy":"product_brand","embeddable":true,"href":"https:\/\/supportronics.com\/staging\/wp-json\/wp\/v2\/product_brand?post=6287"},{"taxonomy":"product_cat","embeddable":true,"href":"https:\/\/supportronics.com\/staging\/wp-json\/wp\/v2\/product_cat?post=6287"},{"taxonomy":"product_tag","embeddable":true,"href":"https:\/\/supportronics.com\/staging\/wp-json\/wp\/v2\/product_tag?post=6287"}],"curies":[{"name":"wp","href":"https:\/\/api.w.org\/{rel}","templated":true}]}}